{"id":9979,"date":"2025-08-03T12:06:43","date_gmt":"2025-08-03T12:06:43","guid":{"rendered":"https:\/\/aramiso-test.verteco.app\/?product=lucerna-na-stenu-dekorativna-460x400mm-fe-patina"},"modified":"2025-08-03T12:06:46","modified_gmt":"2025-08-03T12:06:46","slug":"lucerna-na-stenu-dekorativna-460x400mm-fe-patina","status":"publish","type":"product","link":"https:\/\/aramiso-test.verteco.app\/?product=lucerna-na-stenu-dekorativna-460x400mm-fe-patina","title":{"rendered":"Lucerna na stenu dekorat\u00edvna 460x400mm, Fe, patina"},"content":{"rendered":"<p>Lampa z\u00e1hradn\u00e1 z\u00e1vesn\u00e1 s konzolou dekorat\u00edvna , v\u00fd\u0161ka 460mm, h\u013abka 400mm, priemer strie\u0161ky 340mm, dod\u00e1vane bez elektroin\u0161tal\u00e1cie, \u010dierna farba + meden\u00e1 patina.<\/p>\n","protected":false},"excerpt":{"rendered":"<p>Materi\u00e1l: Oce\u013e<\/p>\n","protected":false},"featured_media":0,"comment_status":"closed","ping_status":"open","template":"","meta":[],"product_brand":[],"product_cat":[15],"product_tag":[],"class_list":{"0":"post-9979","1":"product","2":"type-product","3":"status-publish","5":"product_cat-uncategorized","7":"first","8":"instock","9":"sale","10":"purchasable","11":"product-type-simple"},"_links":{"self":[{"href":"https:\/\/aramiso-test.verteco.app\/index.php?rest_route=\/wp\/v2\/product\/9979","targetHints":{"allow":["GET"]}}],"collection":[{"href":"https:\/\/aramiso-test.verteco.app\/index.php?rest_route=\/wp\/v2\/product"}],"about":[{"href":"https:\/\/aramiso-test.verteco.app\/index.php?rest_route=\/wp\/v2\/types\/product"}],"replies":[{"embeddable":true,"href":"https:\/\/aramiso-test.verteco.app\/index.php?rest_route=%2Fwp%2Fv2%2Fcomments&post=9979"}],"wp:attachment":[{"href":"https:\/\/aramiso-test.verteco.app\/index.php?rest_route=%2Fwp%2Fv2%2Fmedia&parent=9979"}],"wp:term":[{"taxonomy":"product_brand","embeddable":true,"href":"https:\/\/aramiso-test.verteco.app\/index.php?rest_route=%2Fwp%2Fv2%2Fproduct_brand&post=9979"},{"taxonomy":"product_cat","embeddable":true,"href":"https:\/\/aramiso-test.verteco.app\/index.php?rest_route=%2Fwp%2Fv2%2Fproduct_cat&post=9979"},{"taxonomy":"product_tag","embeddable":true,"href":"https:\/\/aramiso-test.verteco.app\/index.php?rest_route=%2Fwp%2Fv2%2Fproduct_tag&post=9979"}],"curies":[{"name":"wp","href":"https:\/\/api.w.org\/{rel}","templated":true}]}}