{"id":9966,"date":"2025-08-03T12:06:25","date_gmt":"2025-08-03T12:06:25","guid":{"rendered":"https:\/\/aramiso-test.verteco.app\/?product=automaticky-nastenny-splachovac-pisoara"},"modified":"2025-08-03T12:06:35","modified_gmt":"2025-08-03T12:06:35","slug":"automaticky-nastenny-splachovac-pisoara","status":"publish","type":"product","link":"https:\/\/aramiso-test.verteco.app\/?product=automaticky-nastenny-splachovac-pisoara","title":{"rendered":"Automatick\u00fd n\u00e1stenn\u00fd splachova\u010d piso\u00e1ra"},"content":{"rendered":"<p>Automatick\u00fd n\u00e1stenn\u00fd splachova\u010d piso\u00e1ra s elektronikou, napajanie DC 6V (4x 1,5V AA)<\/p>\n","protected":false},"excerpt":{"rendered":"<p>Zna\u010dka: Rollkit<\/p>\n","protected":false},"featured_media":0,"comment_status":"closed","ping_status":"open","template":"","meta":[],"product_brand":[],"product_cat":[15],"product_tag":[],"class_list":{"0":"post-9966","1":"product","2":"type-product","3":"status-publish","5":"product_cat-uncategorized","7":"first","8":"onbackorder","9":"sale","10":"purchasable","11":"product-type-simple"},"_links":{"self":[{"href":"https:\/\/aramiso-test.verteco.app\/index.php?rest_route=\/wp\/v2\/product\/9966","targetHints":{"allow":["GET"]}}],"collection":[{"href":"https:\/\/aramiso-test.verteco.app\/index.php?rest_route=\/wp\/v2\/product"}],"about":[{"href":"https:\/\/aramiso-test.verteco.app\/index.php?rest_route=\/wp\/v2\/types\/product"}],"replies":[{"embeddable":true,"href":"https:\/\/aramiso-test.verteco.app\/index.php?rest_route=%2Fwp%2Fv2%2Fcomments&post=9966"}],"wp:attachment":[{"href":"https:\/\/aramiso-test.verteco.app\/index.php?rest_route=%2Fwp%2Fv2%2Fmedia&parent=9966"}],"wp:term":[{"taxonomy":"product_brand","embeddable":true,"href":"https:\/\/aramiso-test.verteco.app\/index.php?rest_route=%2Fwp%2Fv2%2Fproduct_brand&post=9966"},{"taxonomy":"product_cat","embeddable":true,"href":"https:\/\/aramiso-test.verteco.app\/index.php?rest_route=%2Fwp%2Fv2%2Fproduct_cat&post=9966"},{"taxonomy":"product_tag","embeddable":true,"href":"https:\/\/aramiso-test.verteco.app\/index.php?rest_route=%2Fwp%2Fv2%2Fproduct_tag&post=9966"}],"curies":[{"name":"wp","href":"https:\/\/api.w.org\/{rel}","templated":true}]}}