{"id":9963,"date":"2025-10-26T12:22:28","date_gmt":"2025-10-26T12:22:28","guid":{"rendered":"https:\/\/aramiso-test.verteco.app\/?product=pumpa-zahradna-liatinova-400x240-h1300mm"},"modified":"2025-10-26T12:22:31","modified_gmt":"2025-10-26T12:22:31","slug":"pumpa-zahradna-liatinova-400x240-h1300mm","status":"publish","type":"product","link":"https:\/\/aramiso-test.verteco.app\/?product=pumpa-zahradna-liatinova-400x240-h1300mm","title":{"rendered":"Pumpa z\u00e1hradn\u00e1 liatinov\u00e1 400&#215;240, h1300mm"},"content":{"rendered":"<p>Z\u00e1hradn\u00e1 pumpa liatinov\u00e1, v\u00fd\u0161ka 1300mm. Povrchova \u00faprava \u010diern\u00e1 farba. Pumpa m\u00e1 funk\u010dn\u00fd piest a sp\u00e4tn\u00fa klapku. V spodnej \u010dasti je z\u00e1vit G1 1\/4&#8243; pre pripojenie r\u00fary. Funk\u010dn\u00e9 \u010dasti = \u010dapy doporu\u010dujeme o\u0161etrova\u0165 mazan\u00edm. Povrchov\u00e1 \u00faprava \u010diern\u00e1 z\u00e1kladn\u00e1 farba.<\/p>\n","protected":false},"excerpt":{"rendered":"<p>Materi\u00e1l: Liatina<\/p>\n","protected":false},"featured_media":0,"comment_status":"closed","ping_status":"open","template":"","meta":[],"product_brand":[],"product_cat":[15],"product_tag":[],"class_list":{"0":"post-9963","1":"product","2":"type-product","3":"status-publish","5":"product_cat-uncategorized","7":"first","8":"instock","9":"purchasable","10":"product-type-simple"},"_links":{"self":[{"href":"https:\/\/aramiso-test.verteco.app\/index.php?rest_route=\/wp\/v2\/product\/9963","targetHints":{"allow":["GET"]}}],"collection":[{"href":"https:\/\/aramiso-test.verteco.app\/index.php?rest_route=\/wp\/v2\/product"}],"about":[{"href":"https:\/\/aramiso-test.verteco.app\/index.php?rest_route=\/wp\/v2\/types\/product"}],"replies":[{"embeddable":true,"href":"https:\/\/aramiso-test.verteco.app\/index.php?rest_route=%2Fwp%2Fv2%2Fcomments&post=9963"}],"wp:attachment":[{"href":"https:\/\/aramiso-test.verteco.app\/index.php?rest_route=%2Fwp%2Fv2%2Fmedia&parent=9963"}],"wp:term":[{"taxonomy":"product_brand","embeddable":true,"href":"https:\/\/aramiso-test.verteco.app\/index.php?rest_route=%2Fwp%2Fv2%2Fproduct_brand&post=9963"},{"taxonomy":"product_cat","embeddable":true,"href":"https:\/\/aramiso-test.verteco.app\/index.php?rest_route=%2Fwp%2Fv2%2Fproduct_cat&post=9963"},{"taxonomy":"product_tag","embeddable":true,"href":"https:\/\/aramiso-test.verteco.app\/index.php?rest_route=%2Fwp%2Fv2%2Fproduct_tag&post=9963"}],"curies":[{"name":"wp","href":"https:\/\/api.w.org\/{rel}","templated":true}]}}