{"id":9961,"date":"2025-10-26T12:22:28","date_gmt":"2025-10-26T12:22:28","guid":{"rendered":"https:\/\/aramiso-test.verteco.app\/?product=umyvadlo-liatina-dekor-465x650x320mm-bez-sifonu"},"modified":"2025-10-26T12:22:30","modified_gmt":"2025-10-26T12:22:30","slug":"umyvadlo-liatina-dekor-465x650x320mm-bez-sifonu","status":"publish","type":"product","link":"https:\/\/aramiso-test.verteco.app\/?product=umyvadlo-liatina-dekor-465x650x320mm-bez-sifonu","title":{"rendered":"Um\u00fdvadlo liatina dekor. 465x650x320mm (bez sif\u00f3nu)"},"content":{"rendered":"<p>Um\u00fdvadlo z\u00e1hradn\u00e9 liatinov\u00e9 z\u00e1vesn\u00e9 dekorat\u00edvne, \u0161\u00edrka 465mm , v\u00fd\u0161ka 650mm, , h\u013abka 320mm, osov\u00fd rozostup koh\u00fatik &#8211; spodok um\u00fdvadla 520mm. Um\u00fdvadlo m\u00e1 pripraven\u00fd otvor pre odtok vody o priemere 12mm.<br \/>\nNa \u0161t\u00edte um\u00fdvadla je pripraven\u00fd otvor pre vodovodn\u00fd koh\u00fatik o priemere 26mm.<br \/>\nPovrchova \u00faprava \u010dierna z\u00e1kladn\u00e1 farba. Dod\u00e1van\u00e9 bez sif\u00f3nu.<\/p>\n","protected":false},"excerpt":{"rendered":"<p>Materi\u00e1l: Liatina<\/p>\n","protected":false},"featured_media":0,"comment_status":"closed","ping_status":"open","template":"","meta":[],"product_brand":[],"product_cat":[15],"product_tag":[],"class_list":{"0":"post-9961","1":"product","2":"type-product","3":"status-publish","5":"product_cat-uncategorized","7":"first","8":"onbackorder","9":"sale","10":"purchasable","11":"product-type-simple"},"_links":{"self":[{"href":"https:\/\/aramiso-test.verteco.app\/index.php?rest_route=\/wp\/v2\/product\/9961","targetHints":{"allow":["GET"]}}],"collection":[{"href":"https:\/\/aramiso-test.verteco.app\/index.php?rest_route=\/wp\/v2\/product"}],"about":[{"href":"https:\/\/aramiso-test.verteco.app\/index.php?rest_route=\/wp\/v2\/types\/product"}],"replies":[{"embeddable":true,"href":"https:\/\/aramiso-test.verteco.app\/index.php?rest_route=%2Fwp%2Fv2%2Fcomments&post=9961"}],"wp:attachment":[{"href":"https:\/\/aramiso-test.verteco.app\/index.php?rest_route=%2Fwp%2Fv2%2Fmedia&parent=9961"}],"wp:term":[{"taxonomy":"product_brand","embeddable":true,"href":"https:\/\/aramiso-test.verteco.app\/index.php?rest_route=%2Fwp%2Fv2%2Fproduct_brand&post=9961"},{"taxonomy":"product_cat","embeddable":true,"href":"https:\/\/aramiso-test.verteco.app\/index.php?rest_route=%2Fwp%2Fv2%2Fproduct_cat&post=9961"},{"taxonomy":"product_tag","embeddable":true,"href":"https:\/\/aramiso-test.verteco.app\/index.php?rest_route=%2Fwp%2Fv2%2Fproduct_tag&post=9961"}],"curies":[{"name":"wp","href":"https:\/\/api.w.org\/{rel}","templated":true}]}}