{"id":9960,"date":"2025-10-26T12:22:28","date_gmt":"2025-10-26T12:22:28","guid":{"rendered":"https:\/\/aramiso-test.verteco.app\/?product=stit-umyvadla-l-45-420x395-cierny-liatinovy"},"modified":"2025-10-26T12:22:29","modified_gmt":"2025-10-26T12:22:29","slug":"stit-umyvadla-l-45-420x395-cierny-liatinovy","status":"publish","type":"product","link":"https:\/\/aramiso-test.verteco.app\/?product=stit-umyvadla-l-45-420x395-cierny-liatinovy","title":{"rendered":"\u0160t\u00edt um\u00fdvadla L\/45, 420&#215;395, \u010dierny, liatinov\u00fd"},"content":{"rendered":"<p>\u0160t\u00edt umyvadla &#8211; rozmery &#8211; v\u00fd\u0161ka 395mm, \u0161\u00edrka 420mm<\/p>\n","protected":false},"excerpt":{"rendered":"<p>Materi\u00e1l: Liatina<\/p>\n","protected":false},"featured_media":0,"comment_status":"closed","ping_status":"open","template":"","meta":[],"product_brand":[],"product_cat":[15],"product_tag":[],"class_list":{"0":"post-9960","1":"product","2":"type-product","3":"status-publish","5":"product_cat-uncategorized","7":"first","8":"onbackorder","9":"sale","10":"purchasable","11":"product-type-simple"},"_links":{"self":[{"href":"https:\/\/aramiso-test.verteco.app\/index.php?rest_route=\/wp\/v2\/product\/9960","targetHints":{"allow":["GET"]}}],"collection":[{"href":"https:\/\/aramiso-test.verteco.app\/index.php?rest_route=\/wp\/v2\/product"}],"about":[{"href":"https:\/\/aramiso-test.verteco.app\/index.php?rest_route=\/wp\/v2\/types\/product"}],"replies":[{"embeddable":true,"href":"https:\/\/aramiso-test.verteco.app\/index.php?rest_route=%2Fwp%2Fv2%2Fcomments&post=9960"}],"wp:attachment":[{"href":"https:\/\/aramiso-test.verteco.app\/index.php?rest_route=%2Fwp%2Fv2%2Fmedia&parent=9960"}],"wp:term":[{"taxonomy":"product_brand","embeddable":true,"href":"https:\/\/aramiso-test.verteco.app\/index.php?rest_route=%2Fwp%2Fv2%2Fproduct_brand&post=9960"},{"taxonomy":"product_cat","embeddable":true,"href":"https:\/\/aramiso-test.verteco.app\/index.php?rest_route=%2Fwp%2Fv2%2Fproduct_cat&post=9960"},{"taxonomy":"product_tag","embeddable":true,"href":"https:\/\/aramiso-test.verteco.app\/index.php?rest_route=%2Fwp%2Fv2%2Fproduct_tag&post=9960"}],"curies":[{"name":"wp","href":"https:\/\/api.w.org\/{rel}","templated":true}]}}