{"id":9958,"date":"2025-08-03T12:06:25","date_gmt":"2025-08-03T12:06:25","guid":{"rendered":"https:\/\/aramiso-test.verteco.app\/?product=kryt-sifonu-umyvadla-l-01-l-120x85x80mm"},"modified":"2025-08-03T12:06:28","modified_gmt":"2025-08-03T12:06:28","slug":"kryt-sifonu-umyvadla-l-01-l-120x85x80mm","status":"publish","type":"product","link":"https:\/\/aramiso-test.verteco.app\/?product=kryt-sifonu-umyvadla-l-01-l-120x85x80mm","title":{"rendered":"Kryt sif\u00f3nu um\u00fdvadla L\/01-L 120x85x80mm"},"content":{"rendered":"<p>Kryt sif\u00f3nu um\u00fdvadla L\/01-L. Material liatina, Povrchova \u00faprava \u010diern\u00e1 z\u00e1kladn\u00e1 farba. 2ks skrutka na prichytenie k vani\u010dke.<\/p>\n","protected":false},"excerpt":{"rendered":"<p>Materi\u00e1l: Liatina<\/p>\n","protected":false},"featured_media":0,"comment_status":"closed","ping_status":"open","template":"","meta":[],"product_brand":[],"product_cat":[15],"product_tag":[],"class_list":{"0":"post-9958","1":"product","2":"type-product","3":"status-publish","5":"product_cat-uncategorized","7":"first","8":"onbackorder","9":"sale","10":"purchasable","11":"product-type-simple"},"_links":{"self":[{"href":"https:\/\/aramiso-test.verteco.app\/index.php?rest_route=\/wp\/v2\/product\/9958","targetHints":{"allow":["GET"]}}],"collection":[{"href":"https:\/\/aramiso-test.verteco.app\/index.php?rest_route=\/wp\/v2\/product"}],"about":[{"href":"https:\/\/aramiso-test.verteco.app\/index.php?rest_route=\/wp\/v2\/types\/product"}],"replies":[{"embeddable":true,"href":"https:\/\/aramiso-test.verteco.app\/index.php?rest_route=%2Fwp%2Fv2%2Fcomments&post=9958"}],"wp:attachment":[{"href":"https:\/\/aramiso-test.verteco.app\/index.php?rest_route=%2Fwp%2Fv2%2Fmedia&parent=9958"}],"wp:term":[{"taxonomy":"product_brand","embeddable":true,"href":"https:\/\/aramiso-test.verteco.app\/index.php?rest_route=%2Fwp%2Fv2%2Fproduct_brand&post=9958"},{"taxonomy":"product_cat","embeddable":true,"href":"https:\/\/aramiso-test.verteco.app\/index.php?rest_route=%2Fwp%2Fv2%2Fproduct_cat&post=9958"},{"taxonomy":"product_tag","embeddable":true,"href":"https:\/\/aramiso-test.verteco.app\/index.php?rest_route=%2Fwp%2Fv2%2Fproduct_tag&post=9958"}],"curies":[{"name":"wp","href":"https:\/\/api.w.org\/{rel}","templated":true}]}}