{"id":9957,"date":"2025-08-03T12:06:25","date_gmt":"2025-08-03T12:06:25","guid":{"rendered":"https:\/\/aramiso-test.verteco.app\/?product=kotviaci-material-umyvadla-l-01-l"},"modified":"2025-08-03T12:06:27","modified_gmt":"2025-08-03T12:06:27","slug":"kotviaci-material-umyvadla-l-01-l","status":"publish","type":"product","link":"https:\/\/aramiso-test.verteco.app\/?product=kotviaci-material-umyvadla-l-01-l","title":{"rendered":"Kotviaci materi\u00e1l um\u00fdvadla L\/01-L"},"content":{"rendered":"<p>Kotviac\u00ed materi\u00e1l um\u00fdvadla L\/01-L. 2ks pozinkovan\u00e1 skrutka so zapustenou hlavou 6x50mm, 2 ks hmo\u017edinka 12mm.<\/p>\n","protected":false},"excerpt":{"rendered":"<p>Materi\u00e1l: Liatina<\/p>\n","protected":false},"featured_media":0,"comment_status":"closed","ping_status":"open","template":"","meta":[],"product_brand":[],"product_cat":[15],"product_tag":[],"class_list":{"0":"post-9957","1":"product","2":"type-product","3":"status-publish","5":"product_cat-uncategorized","7":"first","8":"onbackorder","9":"sale","10":"purchasable","11":"product-type-simple"},"_links":{"self":[{"href":"https:\/\/aramiso-test.verteco.app\/index.php?rest_route=\/wp\/v2\/product\/9957","targetHints":{"allow":["GET"]}}],"collection":[{"href":"https:\/\/aramiso-test.verteco.app\/index.php?rest_route=\/wp\/v2\/product"}],"about":[{"href":"https:\/\/aramiso-test.verteco.app\/index.php?rest_route=\/wp\/v2\/types\/product"}],"replies":[{"embeddable":true,"href":"https:\/\/aramiso-test.verteco.app\/index.php?rest_route=%2Fwp%2Fv2%2Fcomments&post=9957"}],"wp:attachment":[{"href":"https:\/\/aramiso-test.verteco.app\/index.php?rest_route=%2Fwp%2Fv2%2Fmedia&parent=9957"}],"wp:term":[{"taxonomy":"product_brand","embeddable":true,"href":"https:\/\/aramiso-test.verteco.app\/index.php?rest_route=%2Fwp%2Fv2%2Fproduct_brand&post=9957"},{"taxonomy":"product_cat","embeddable":true,"href":"https:\/\/aramiso-test.verteco.app\/index.php?rest_route=%2Fwp%2Fv2%2Fproduct_cat&post=9957"},{"taxonomy":"product_tag","embeddable":true,"href":"https:\/\/aramiso-test.verteco.app\/index.php?rest_route=%2Fwp%2Fv2%2Fproduct_tag&post=9957"}],"curies":[{"name":"wp","href":"https:\/\/api.w.org\/{rel}","templated":true}]}}