{"id":9956,"date":"2025-08-03T12:06:25","date_gmt":"2025-08-03T12:06:25","guid":{"rendered":"https:\/\/aramiso-test.verteco.app\/?product=umyvadlo-liatinove-dekorativne-450x795mm"},"modified":"2025-08-03T12:06:26","modified_gmt":"2025-08-03T12:06:26","slug":"umyvadlo-liatinove-dekorativne-450x795mm","status":"publish","type":"product","link":"https:\/\/aramiso-test.verteco.app\/?product=umyvadlo-liatinove-dekorativne-450x795mm","title":{"rendered":"Um\u00fdvadlo liatinov\u00e9-dekorat\u00edvne 450x795mm"},"content":{"rendered":"<p>Um\u00fdvadlo z\u00e1hradn\u00e9 liatinov\u00e9, z\u00e1vesn\u00e9, dekorat\u00edvne, v\u00fd\u0161ka 795mm, \u0161\u00edrka 450mm, h\u013abka 250mm, osov\u00fd rozostup medzi ventilom a odtokom je 600mm. S\u00fa\u010das\u0165ou um\u00fdvadla je protiz\u00e1pachov\u00e1 krytka a koleno na napojenie odtoku D25mm. Povrchova \u00faprava \u010diern\u00e1 &#8211; z\u00e1kladn\u00e1 farba. Um\u00fdvadlo sa dod\u00e1va bez koh\u00fatika.<\/p>\n","protected":false},"excerpt":{"rendered":"<p>Materi\u00e1l: Liatina<\/p>\n","protected":false},"featured_media":0,"comment_status":"closed","ping_status":"open","template":"","meta":[],"product_brand":[],"product_cat":[15],"product_tag":[],"class_list":{"0":"post-9956","1":"product","2":"type-product","3":"status-publish","5":"product_cat-uncategorized","7":"first","8":"onbackorder","9":"sale","10":"purchasable","11":"product-type-simple"},"_links":{"self":[{"href":"https:\/\/aramiso-test.verteco.app\/index.php?rest_route=\/wp\/v2\/product\/9956","targetHints":{"allow":["GET"]}}],"collection":[{"href":"https:\/\/aramiso-test.verteco.app\/index.php?rest_route=\/wp\/v2\/product"}],"about":[{"href":"https:\/\/aramiso-test.verteco.app\/index.php?rest_route=\/wp\/v2\/types\/product"}],"replies":[{"embeddable":true,"href":"https:\/\/aramiso-test.verteco.app\/index.php?rest_route=%2Fwp%2Fv2%2Fcomments&post=9956"}],"wp:attachment":[{"href":"https:\/\/aramiso-test.verteco.app\/index.php?rest_route=%2Fwp%2Fv2%2Fmedia&parent=9956"}],"wp:term":[{"taxonomy":"product_brand","embeddable":true,"href":"https:\/\/aramiso-test.verteco.app\/index.php?rest_route=%2Fwp%2Fv2%2Fproduct_brand&post=9956"},{"taxonomy":"product_cat","embeddable":true,"href":"https:\/\/aramiso-test.verteco.app\/index.php?rest_route=%2Fwp%2Fv2%2Fproduct_cat&post=9956"},{"taxonomy":"product_tag","embeddable":true,"href":"https:\/\/aramiso-test.verteco.app\/index.php?rest_route=%2Fwp%2Fv2%2Fproduct_tag&post=9956"}],"curies":[{"name":"wp","href":"https:\/\/api.w.org\/{rel}","templated":true}]}}