{"id":9955,"date":"2025-08-03T12:06:02","date_gmt":"2025-08-03T12:06:02","guid":{"rendered":"https:\/\/aramiso-test.verteco.app\/?product=vanicka-umyvadla-l-01-l-450x250x175mm-cast-iron"},"modified":"2025-08-03T12:06:25","modified_gmt":"2025-08-03T12:06:25","slug":"vanicka-umyvadla-l-01-l-450x250x175mm-cast-iron","status":"publish","type":"product","link":"https:\/\/aramiso-test.verteco.app\/?product=vanicka-umyvadla-l-01-l-450x250x175mm-cast-iron","title":{"rendered":"Vani\u010dka um\u00fdvadla L\/01-L 450x250x175mm, cast iron,"},"content":{"rendered":"<p>Vani\u010dka um\u00fdvadla L\/01-L. V\u00fd\u0161ka 175mm, \u0161\u00edrka 450mm, h\u013abka 255mm. Material liatina. Povrchova \u00faprava \u010diern\u00e1 z\u00e1kladn\u00e1 farba.<\/p>\n","protected":false},"excerpt":{"rendered":"<p>Materi\u00e1l: Liatina<\/p>\n","protected":false},"featured_media":0,"comment_status":"closed","ping_status":"open","template":"","meta":[],"product_brand":[],"product_cat":[15],"product_tag":[],"class_list":{"0":"post-9955","1":"product","2":"type-product","3":"status-publish","5":"product_cat-uncategorized","7":"first","8":"onbackorder","9":"sale","10":"purchasable","11":"product-type-simple"},"_links":{"self":[{"href":"https:\/\/aramiso-test.verteco.app\/index.php?rest_route=\/wp\/v2\/product\/9955","targetHints":{"allow":["GET"]}}],"collection":[{"href":"https:\/\/aramiso-test.verteco.app\/index.php?rest_route=\/wp\/v2\/product"}],"about":[{"href":"https:\/\/aramiso-test.verteco.app\/index.php?rest_route=\/wp\/v2\/types\/product"}],"replies":[{"embeddable":true,"href":"https:\/\/aramiso-test.verteco.app\/index.php?rest_route=%2Fwp%2Fv2%2Fcomments&post=9955"}],"wp:attachment":[{"href":"https:\/\/aramiso-test.verteco.app\/index.php?rest_route=%2Fwp%2Fv2%2Fmedia&parent=9955"}],"wp:term":[{"taxonomy":"product_brand","embeddable":true,"href":"https:\/\/aramiso-test.verteco.app\/index.php?rest_route=%2Fwp%2Fv2%2Fproduct_brand&post=9955"},{"taxonomy":"product_cat","embeddable":true,"href":"https:\/\/aramiso-test.verteco.app\/index.php?rest_route=%2Fwp%2Fv2%2Fproduct_cat&post=9955"},{"taxonomy":"product_tag","embeddable":true,"href":"https:\/\/aramiso-test.verteco.app\/index.php?rest_route=%2Fwp%2Fv2%2Fproduct_tag&post=9955"}],"curies":[{"name":"wp","href":"https:\/\/api.w.org\/{rel}","templated":true}]}}