{"id":9954,"date":"2025-08-03T12:06:02","date_gmt":"2025-08-03T12:06:02","guid":{"rendered":"https:\/\/aramiso-test.verteco.app\/?product=stit-umyvadla-l-01-l-405x535mm-cast-iron-black"},"modified":"2025-08-03T12:06:24","modified_gmt":"2025-08-03T12:06:24","slug":"stit-umyvadla-l-01-l-405x535mm-cast-iron-black","status":"publish","type":"product","link":"https:\/\/aramiso-test.verteco.app\/?product=stit-umyvadla-l-01-l-405x535mm-cast-iron-black","title":{"rendered":"\u0160t\u00edt um\u00fdvadla L\/01-L 405x535mm, cast iron, black"},"content":{"rendered":"<p>\u0160t\u00edt um\u00fdvadla L\/01-L. V\u00fd\u0161ka 535mm, \u0161\u00edrka 405mm. Material Liatina. Povrchova \u00faprava \u010diern\u00e1 z\u00e1kladn\u00e1 farba.<\/p>\n","protected":false},"excerpt":{"rendered":"<p>Materi\u00e1l: Liatina<\/p>\n","protected":false},"featured_media":0,"comment_status":"closed","ping_status":"open","template":"","meta":[],"product_brand":[],"product_cat":[15],"product_tag":[],"class_list":{"0":"post-9954","1":"product","2":"type-product","3":"status-publish","5":"product_cat-uncategorized","7":"first","8":"onbackorder","9":"sale","10":"purchasable","11":"product-type-simple"},"_links":{"self":[{"href":"https:\/\/aramiso-test.verteco.app\/index.php?rest_route=\/wp\/v2\/product\/9954","targetHints":{"allow":["GET"]}}],"collection":[{"href":"https:\/\/aramiso-test.verteco.app\/index.php?rest_route=\/wp\/v2\/product"}],"about":[{"href":"https:\/\/aramiso-test.verteco.app\/index.php?rest_route=\/wp\/v2\/types\/product"}],"replies":[{"embeddable":true,"href":"https:\/\/aramiso-test.verteco.app\/index.php?rest_route=%2Fwp%2Fv2%2Fcomments&post=9954"}],"wp:attachment":[{"href":"https:\/\/aramiso-test.verteco.app\/index.php?rest_route=%2Fwp%2Fv2%2Fmedia&parent=9954"}],"wp:term":[{"taxonomy":"product_brand","embeddable":true,"href":"https:\/\/aramiso-test.verteco.app\/index.php?rest_route=%2Fwp%2Fv2%2Fproduct_brand&post=9954"},{"taxonomy":"product_cat","embeddable":true,"href":"https:\/\/aramiso-test.verteco.app\/index.php?rest_route=%2Fwp%2Fv2%2Fproduct_cat&post=9954"},{"taxonomy":"product_tag","embeddable":true,"href":"https:\/\/aramiso-test.verteco.app\/index.php?rest_route=%2Fwp%2Fv2%2Fproduct_tag&post=9954"}],"curies":[{"name":"wp","href":"https:\/\/api.w.org\/{rel}","templated":true}]}}