{"id":9951,"date":"2025-08-28T11:02:53","date_gmt":"2025-08-28T11:02:53","guid":{"rendered":"https:\/\/aramiso-test.verteco.app\/?product=umyvadlo-zahradne-dekor-bez-kohutika-475x275x200"},"modified":"2025-08-28T11:02:53","modified_gmt":"2025-08-28T11:02:53","slug":"umyvadlo-zahradne-dekor-bez-kohutika-475x275x200","status":"publish","type":"product","link":"https:\/\/aramiso-test.verteco.app\/?product=umyvadlo-zahradne-dekor-bez-kohutika-475x275x200","title":{"rendered":"Um\u00fdvadlo z\u00e1hradn\u00e9 dekor., bez koh\u00fatika 475x275x200"},"content":{"rendered":"<p>Z\u00e1hradn\u00e9 dekorat\u00edvne um\u00fdvadlo bez sif\u00f3nu a koh\u00fatika \u2013 475 \u00d7 275 \u00d7 200 mm<br \/>\nDodajte svojej z\u00e1hrade n\u00e1dych elegancie s t\u00fdmto \u0161t\u00fdlov\u00fdm n\u00e1stenn\u00fdm um\u00fdvadlom z liatiny. Je ide\u00e1lne ako dekorat\u00edvny prvok k z\u00e1hradn\u00fdm chat\u00e1m, alt\u00e1nkom \u010di domom v rustik\u00e1lnom \u0161t\u00fdle.<br \/>\n<br \/>\nVlastnosti:<br \/>\nMateri\u00e1l: kvalitn\u00e1 liatina s odoln\u00fdm n\u00e1terom<br \/>\nRozmery: 475 mm (v\u00fd\u0161ka) \u00d7 275 mm (\u0161\u00edrka) \u00d7 200 mm (h\u013abka)<br \/>\nPriemer otvoru pre pr\u00edtok vody &#8211; ventil: 27mm<br \/>\nFarba: \u010dierna<br \/>\nDekorat\u00edvny dizajn s reli\u00e9fnymi detailmi<br \/>\nMont\u00e1\u017e na stenu \u2013 otvory na uchytenie s\u00fa pripraven\u00e9<br \/>\nOsov\u00e1 vzdialenos\u0165 otvorov na upevnenie: 295mm<br \/>\nBez koh\u00fatika \u2013 mo\u017enos\u0165 dok\u00fapi\u0165 a nain\u0161talova\u0165 pod\u013ea vlastn\u00fdch preferenci\u00ed<\/p>\n<p>Mont\u00e1\u017e odpadu:<br \/>\nV spodnej \u010dasti misy sa nach\u00e1dza odtokov\u00fd otvor s priemerom D12 mm.<br \/>\nPre napojenie na be\u017en\u00e9 dom\u00e1ce alebo z\u00e1hradn\u00e9 odpadov\u00e9 potrubie bude potrebn\u00e9 pou\u017ei\u0165 redukciu z D12 mm na po\u017eadovan\u00fd priemer (napr. 1\/2&#8243; alebo 3\/4&#8243;).<br \/>\nRedukciu odpor\u00fa\u010dame utesni\u0165 vodotesn\u00fdm tmelom alebo tesniacou p\u00e1skou (napr. Teflonovou p\u00e1skou), aby sa zabr\u00e1nilo \u00fanikom vody.<br \/>\nPod\u013ea typu pripojenia je mo\u017en\u00e9 pou\u017ei\u0165 flexi hadicu alebo pevn\u00e9 plastov\u00e9 potrubie, ktor\u00e9 sa napoj\u00ed na odpadov\u00fd syst\u00e9m.<\/p>\n<p>Toto um\u00fdvadlo je skvelou vo\u013ebou pre ka\u017ed\u00e9ho, kto h\u013ead\u00e1 funk\u010dn\u00fd a z\u00e1rove\u0148 vizu\u00e1lne atrakt\u00edvny doplnok do exteri\u00e9ru.<\/p>\n","protected":false},"excerpt":{"rendered":"<p>Materi\u00e1l: Liatina<\/p>\n","protected":false},"featured_media":0,"comment_status":"closed","ping_status":"open","template":"","meta":[],"product_brand":[],"product_cat":[15],"product_tag":[],"class_list":{"0":"post-9951","1":"product","2":"type-product","3":"status-publish","5":"product_cat-uncategorized","7":"first","8":"instock","9":"sale","10":"purchasable","11":"product-type-simple"},"_links":{"self":[{"href":"https:\/\/aramiso-test.verteco.app\/index.php?rest_route=\/wp\/v2\/product\/9951","targetHints":{"allow":["GET"]}}],"collection":[{"href":"https:\/\/aramiso-test.verteco.app\/index.php?rest_route=\/wp\/v2\/product"}],"about":[{"href":"https:\/\/aramiso-test.verteco.app\/index.php?rest_route=\/wp\/v2\/types\/product"}],"replies":[{"embeddable":true,"href":"https:\/\/aramiso-test.verteco.app\/index.php?rest_route=%2Fwp%2Fv2%2Fcomments&post=9951"}],"wp:attachment":[{"href":"https:\/\/aramiso-test.verteco.app\/index.php?rest_route=%2Fwp%2Fv2%2Fmedia&parent=9951"}],"wp:term":[{"taxonomy":"product_brand","embeddable":true,"href":"https:\/\/aramiso-test.verteco.app\/index.php?rest_route=%2Fwp%2Fv2%2Fproduct_brand&post=9951"},{"taxonomy":"product_cat","embeddable":true,"href":"https:\/\/aramiso-test.verteco.app\/index.php?rest_route=%2Fwp%2Fv2%2Fproduct_cat&post=9951"},{"taxonomy":"product_tag","embeddable":true,"href":"https:\/\/aramiso-test.verteco.app\/index.php?rest_route=%2Fwp%2Fv2%2Fproduct_tag&post=9951"}],"curies":[{"name":"wp","href":"https:\/\/api.w.org\/{rel}","templated":true}]}}