{"id":9950,"date":"2025-08-03T12:06:02","date_gmt":"2025-08-03T12:06:02","guid":{"rendered":"https:\/\/aramiso-test.verteco.app\/?product=umyvadlo-stojate-liatinove-300x260-h710mm"},"modified":"2025-08-03T12:06:20","modified_gmt":"2025-08-03T12:06:20","slug":"umyvadlo-stojate-liatinove-300x260-h710mm","status":"publish","type":"product","link":"https:\/\/aramiso-test.verteco.app\/?product=umyvadlo-stojate-liatinove-300x260-h710mm","title":{"rendered":"Um\u00fdvadlo stojat\u00e9 liatinov\u00e9 300&#215;260, h710mm"},"content":{"rendered":"<p>Um\u00fdvadlo z\u00e1hradn\u00e9 liatinov\u00e9 stojat\u00e9, v\u00fd\u0161ka 710mm, p\u00f4dorys 300x260mm. Povrchova \u00faprava \u010diern\u00e1 z\u00e1kladn\u00e1 farba. Um\u00fdvadlo sa dod\u00e1va bez koh\u00fatika.<\/p>\n","protected":false},"excerpt":{"rendered":"<p>Materi\u00e1l: Liatina, Povrchov\u00e1 \u00faprava: Farba, h: 710<\/p>\n","protected":false},"featured_media":0,"comment_status":"closed","ping_status":"open","template":"","meta":[],"product_brand":[],"product_cat":[15],"product_tag":[],"class_list":{"0":"post-9950","1":"product","2":"type-product","3":"status-publish","5":"product_cat-uncategorized","7":"first","8":"onbackorder","9":"sale","10":"purchasable","11":"product-type-simple"},"_links":{"self":[{"href":"https:\/\/aramiso-test.verteco.app\/index.php?rest_route=\/wp\/v2\/product\/9950","targetHints":{"allow":["GET"]}}],"collection":[{"href":"https:\/\/aramiso-test.verteco.app\/index.php?rest_route=\/wp\/v2\/product"}],"about":[{"href":"https:\/\/aramiso-test.verteco.app\/index.php?rest_route=\/wp\/v2\/types\/product"}],"replies":[{"embeddable":true,"href":"https:\/\/aramiso-test.verteco.app\/index.php?rest_route=%2Fwp%2Fv2%2Fcomments&post=9950"}],"wp:attachment":[{"href":"https:\/\/aramiso-test.verteco.app\/index.php?rest_route=%2Fwp%2Fv2%2Fmedia&parent=9950"}],"wp:term":[{"taxonomy":"product_brand","embeddable":true,"href":"https:\/\/aramiso-test.verteco.app\/index.php?rest_route=%2Fwp%2Fv2%2Fproduct_brand&post=9950"},{"taxonomy":"product_cat","embeddable":true,"href":"https:\/\/aramiso-test.verteco.app\/index.php?rest_route=%2Fwp%2Fv2%2Fproduct_cat&post=9950"},{"taxonomy":"product_tag","embeddable":true,"href":"https:\/\/aramiso-test.verteco.app\/index.php?rest_route=%2Fwp%2Fv2%2Fproduct_tag&post=9950"}],"curies":[{"name":"wp","href":"https:\/\/api.w.org\/{rel}","templated":true}]}}