{"id":9939,"date":"2025-10-26T12:22:24","date_gmt":"2025-10-26T12:22:24","guid":{"rendered":"https:\/\/aramiso-test.verteco.app\/?product=postova-schranka-zn-370x370x100mm-2"},"modified":"2025-10-26T12:22:27","modified_gmt":"2025-10-26T12:22:27","slug":"postova-schranka-zn-370x370x100mm-2","status":"publish","type":"product","link":"https:\/\/aramiso-test.verteco.app\/?product=postova-schranka-zn-370x370x100mm-2","title":{"rendered":"Po\u0161tov\u00e1 schr\u00e1nka, Zn, 370x370x100mm"},"content":{"rendered":"<p>Modern\u00e1 n\u00e1stenn\u00e1 po\u0161tov\u00e1 schr\u00e1nka s minimalistick\u00fdm a elegantn\u00fdm dizajnom, ktor\u00e1 sa \u010dasto pou\u017e\u00edva na obytn\u00e9 alebo kancel\u00e1rske \u00fa\u010dely.<br \/>\nJe vyroben\u00e1 z pozinkovanej ocele.<br \/>\nOdoln\u00e1 vo\u010di poveternostn\u00fdm vplyvom \u010do zaru\u010duje ochranu po\u0161ty pred zmoknut\u00edm.<\/p>\n","protected":false},"excerpt":{"rendered":"<p>Materi\u00e1l: Oce\u013e, Povrchov\u00e1 \u00faprava: Zinok, Vzh\u013ead: Antracit RAL7016<\/p>\n","protected":false},"featured_media":0,"comment_status":"closed","ping_status":"open","template":"","meta":[],"product_brand":[],"product_cat":[15],"product_tag":[],"class_list":{"0":"post-9939","1":"product","2":"type-product","3":"status-publish","5":"product_cat-uncategorized","7":"first","8":"instock","9":"sale","10":"purchasable","11":"product-type-simple"},"_links":{"self":[{"href":"https:\/\/aramiso-test.verteco.app\/index.php?rest_route=\/wp\/v2\/product\/9939","targetHints":{"allow":["GET"]}}],"collection":[{"href":"https:\/\/aramiso-test.verteco.app\/index.php?rest_route=\/wp\/v2\/product"}],"about":[{"href":"https:\/\/aramiso-test.verteco.app\/index.php?rest_route=\/wp\/v2\/types\/product"}],"replies":[{"embeddable":true,"href":"https:\/\/aramiso-test.verteco.app\/index.php?rest_route=%2Fwp%2Fv2%2Fcomments&post=9939"}],"wp:attachment":[{"href":"https:\/\/aramiso-test.verteco.app\/index.php?rest_route=%2Fwp%2Fv2%2Fmedia&parent=9939"}],"wp:term":[{"taxonomy":"product_brand","embeddable":true,"href":"https:\/\/aramiso-test.verteco.app\/index.php?rest_route=%2Fwp%2Fv2%2Fproduct_brand&post=9939"},{"taxonomy":"product_cat","embeddable":true,"href":"https:\/\/aramiso-test.verteco.app\/index.php?rest_route=%2Fwp%2Fv2%2Fproduct_cat&post=9939"},{"taxonomy":"product_tag","embeddable":true,"href":"https:\/\/aramiso-test.verteco.app\/index.php?rest_route=%2Fwp%2Fv2%2Fproduct_tag&post=9939"}],"curies":[{"name":"wp","href":"https:\/\/api.w.org\/{rel}","templated":true}]}}