{"id":9816,"date":"2025-08-03T12:03:00","date_gmt":"2025-08-03T12:03:00","guid":{"rendered":"https:\/\/aramiso-test.verteco.app\/?product=konzola-madla-pre-navarenie-fe-70x76mm"},"modified":"2025-08-03T12:03:00","modified_gmt":"2025-08-03T12:03:00","slug":"konzola-madla-pre-navarenie-fe-70x76mm","status":"publish","type":"product","link":"https:\/\/aramiso-test.verteco.app\/?product=konzola-madla-pre-navarenie-fe-70x76mm","title":{"rendered":"Konzola madla pre navarenie, Fe, 70x76mm"},"content":{"rendered":"<p>Konzola madla pre navarenie, bez povrchovej \u00fapravy<br \/>\nRozmer platni\u010dky pre ukotvenie madla na stenu:<br \/>\npriemer 70mm<br \/>\nhr\u00fabka 6mm<br \/>\n2x otvor D8,5mm<br \/>\nosov\u00fd rozostup otvorov je 50mm<br \/>\nPriemer konzoly 12mm<\/p>\n","protected":false},"excerpt":{"rendered":"<p>Materi\u00e1l: Oce\u013e, Povrchov\u00e1 \u00faprava: Natural<\/p>\n","protected":false},"featured_media":0,"comment_status":"closed","ping_status":"open","template":"","meta":[],"product_brand":[],"product_cat":[15],"product_tag":[],"class_list":{"0":"post-9816","1":"product","2":"type-product","3":"status-publish","5":"product_cat-uncategorized","7":"first","8":"onbackorder","9":"sale","10":"purchasable","11":"product-type-simple"},"_links":{"self":[{"href":"https:\/\/aramiso-test.verteco.app\/index.php?rest_route=\/wp\/v2\/product\/9816","targetHints":{"allow":["GET"]}}],"collection":[{"href":"https:\/\/aramiso-test.verteco.app\/index.php?rest_route=\/wp\/v2\/product"}],"about":[{"href":"https:\/\/aramiso-test.verteco.app\/index.php?rest_route=\/wp\/v2\/types\/product"}],"replies":[{"embeddable":true,"href":"https:\/\/aramiso-test.verteco.app\/index.php?rest_route=%2Fwp%2Fv2%2Fcomments&post=9816"}],"wp:attachment":[{"href":"https:\/\/aramiso-test.verteco.app\/index.php?rest_route=%2Fwp%2Fv2%2Fmedia&parent=9816"}],"wp:term":[{"taxonomy":"product_brand","embeddable":true,"href":"https:\/\/aramiso-test.verteco.app\/index.php?rest_route=%2Fwp%2Fv2%2Fproduct_brand&post=9816"},{"taxonomy":"product_cat","embeddable":true,"href":"https:\/\/aramiso-test.verteco.app\/index.php?rest_route=%2Fwp%2Fv2%2Fproduct_cat&post=9816"},{"taxonomy":"product_tag","embeddable":true,"href":"https:\/\/aramiso-test.verteco.app\/index.php?rest_route=%2Fwp%2Fv2%2Fproduct_tag&post=9816"}],"curies":[{"name":"wp","href":"https:\/\/api.w.org\/{rel}","templated":true}]}}