{"id":9814,"date":"2025-08-03T12:02:49","date_gmt":"2025-08-03T12:02:49","guid":{"rendered":"https:\/\/aramiso-test.verteco.app\/?product=konzola-madla-90x60mm-m8-d50mm-black"},"modified":"2025-08-03T12:02:59","modified_gmt":"2025-08-03T12:02:59","slug":"konzola-madla-90x60mm-m8-d50mm-black","status":"publish","type":"product","link":"https:\/\/aramiso-test.verteco.app\/?product=konzola-madla-90x60mm-m8-d50mm-black","title":{"rendered":"Konzola madla 90x60mm, M8, D50mm, black"},"content":{"rendered":"<p>Rozmer platni\u010dky pre ukotvenie madla je 60x14mm, hr\u00fabka 2,5mm, 2x zo spodu zah\u013aben\u00fd otvor D5,7mm, osov\u00fd rozostup otvorov je 43mm.<\/p>\n","protected":false},"excerpt":{"rendered":"<p>Materi\u00e1l: Oce\u013e, Povrchov\u00e1 \u00faprava: Farba, L: 90, M: 8, b: 60, D: 50<\/p>\n","protected":false},"featured_media":0,"comment_status":"closed","ping_status":"open","template":"","meta":[],"product_brand":[],"product_cat":[15],"product_tag":[],"class_list":{"0":"post-9814","1":"product","2":"type-product","3":"status-publish","5":"product_cat-uncategorized","7":"first","8":"onbackorder","9":"sale","10":"purchasable","11":"product-type-simple"},"_links":{"self":[{"href":"https:\/\/aramiso-test.verteco.app\/index.php?rest_route=\/wp\/v2\/product\/9814","targetHints":{"allow":["GET"]}}],"collection":[{"href":"https:\/\/aramiso-test.verteco.app\/index.php?rest_route=\/wp\/v2\/product"}],"about":[{"href":"https:\/\/aramiso-test.verteco.app\/index.php?rest_route=\/wp\/v2\/types\/product"}],"replies":[{"embeddable":true,"href":"https:\/\/aramiso-test.verteco.app\/index.php?rest_route=%2Fwp%2Fv2%2Fcomments&post=9814"}],"wp:attachment":[{"href":"https:\/\/aramiso-test.verteco.app\/index.php?rest_route=%2Fwp%2Fv2%2Fmedia&parent=9814"}],"wp:term":[{"taxonomy":"product_brand","embeddable":true,"href":"https:\/\/aramiso-test.verteco.app\/index.php?rest_route=%2Fwp%2Fv2%2Fproduct_brand&post=9814"},{"taxonomy":"product_cat","embeddable":true,"href":"https:\/\/aramiso-test.verteco.app\/index.php?rest_route=%2Fwp%2Fv2%2Fproduct_cat&post=9814"},{"taxonomy":"product_tag","embeddable":true,"href":"https:\/\/aramiso-test.verteco.app\/index.php?rest_route=%2Fwp%2Fv2%2Fproduct_tag&post=9814"}],"curies":[{"name":"wp","href":"https:\/\/api.w.org\/{rel}","templated":true}]}}