{"id":9811,"date":"2025-08-03T12:02:49","date_gmt":"2025-08-03T12:02:49","guid":{"rendered":"https:\/\/aramiso-test.verteco.app\/?product=drziak-madla-nastavitelny-cierny-fe"},"modified":"2025-08-03T12:02:57","modified_gmt":"2025-08-03T12:02:57","slug":"drziak-madla-nastavitelny-cierny-fe","status":"publish","type":"product","link":"https:\/\/aramiso-test.verteco.app\/?product=drziak-madla-nastavitelny-cierny-fe","title":{"rendered":"Dr\u017eiak madla &#8211; nastavite\u013en\u00fd, \u010dierny, Fe"},"content":{"rendered":"<p>Modern\u00e1 nastavite\u013en\u00e1 konzola ur\u010den\u00e1 na uchytenie madla k stene. V\u010faka oto\u010dn\u00e9mu k\u013abu umo\u017e\u0148uje prisp\u00f4sobi\u0165 sklon madla pod\u013ea potreby, \u010do ocen\u00edte najm\u00e4 pri schodisk\u00e1ch s meniacim sa sklonom.<br \/>\nKonzola madla v \u010diernej matnej farbe RAL9005<br \/>\nRozmer rozety kotviacej na stenu: 50&#215;50 mm<br \/>\nHr\u00fabka rozety: 4,5 mm<br \/>\nRozmer vrchnej platni\u010dky: 49&#215;25 mm<br \/>\nHr\u00fabka vrchnej platni\u010dky: 2,5 mm<br \/>\nRozmer \u0161tvorcovej r\u00fary: 12&#215;12 mm<\/p>\n","protected":false},"excerpt":{"rendered":"<p>Materi\u00e1l: Oce\u013e, Povrchov\u00e1 \u00faprava: Pr\u00e1\u0161kovan\u00fd, Vzh\u013ead: \u010cierna RAL 9005<\/p>\n","protected":false},"featured_media":0,"comment_status":"closed","ping_status":"open","template":"","meta":[],"product_brand":[],"product_cat":[15],"product_tag":[],"class_list":{"0":"post-9811","1":"product","2":"type-product","3":"status-publish","5":"product_cat-uncategorized","7":"first","8":"onbackorder","9":"sale","10":"purchasable","11":"product-type-simple"},"_links":{"self":[{"href":"https:\/\/aramiso-test.verteco.app\/index.php?rest_route=\/wp\/v2\/product\/9811","targetHints":{"allow":["GET"]}}],"collection":[{"href":"https:\/\/aramiso-test.verteco.app\/index.php?rest_route=\/wp\/v2\/product"}],"about":[{"href":"https:\/\/aramiso-test.verteco.app\/index.php?rest_route=\/wp\/v2\/types\/product"}],"replies":[{"embeddable":true,"href":"https:\/\/aramiso-test.verteco.app\/index.php?rest_route=%2Fwp%2Fv2%2Fcomments&post=9811"}],"wp:attachment":[{"href":"https:\/\/aramiso-test.verteco.app\/index.php?rest_route=%2Fwp%2Fv2%2Fmedia&parent=9811"}],"wp:term":[{"taxonomy":"product_brand","embeddable":true,"href":"https:\/\/aramiso-test.verteco.app\/index.php?rest_route=%2Fwp%2Fv2%2Fproduct_brand&post=9811"},{"taxonomy":"product_cat","embeddable":true,"href":"https:\/\/aramiso-test.verteco.app\/index.php?rest_route=%2Fwp%2Fv2%2Fproduct_cat&post=9811"},{"taxonomy":"product_tag","embeddable":true,"href":"https:\/\/aramiso-test.verteco.app\/index.php?rest_route=%2Fwp%2Fv2%2Fproduct_tag&post=9811"}],"curies":[{"name":"wp","href":"https:\/\/api.w.org\/{rel}","templated":true}]}}