{"id":9756,"date":"2025-08-03T12:02:25","date_gmt":"2025-08-03T12:02:25","guid":{"rendered":"https:\/\/aramiso-test.verteco.app\/?product=pasovina-zdobena-nitovana-p-002-30x5-l3000-a132m"},"modified":"2025-08-03T12:02:26","modified_gmt":"2025-08-03T12:02:26","slug":"pasovina-zdobena-nitovana-p-002-30x5-l3000-a132m","status":"publish","type":"product","link":"https:\/\/aramiso-test.verteco.app\/?product=pasovina-zdobena-nitovana-p-002-30x5-l3000-a132m","title":{"rendered":"P\u00e1sovina zdoben\u00e1 nitovan\u00e1 P\/002-30&#215;5, L3000, a132m"},"content":{"rendered":"<p>P\u00e1sovina zdoben\u00e1 s nitami. \u0160\u00edrka 30mm, hr\u00fabka 5mm, d\u013a\u017eka 3m, osov\u00fd rozostup nitov 132mm. Dod\u00e1va sa v surovom stave.<\/p>\n","protected":false},"excerpt":{"rendered":"<p>Materi\u00e1l: Oce\u013e, Povrchov\u00e1 \u00faprava: Zdoben\u00fd, Tvar prierezu: P\u00e1sovina<\/p>\n","protected":false},"featured_media":0,"comment_status":"closed","ping_status":"open","template":"","meta":[],"product_brand":[],"product_cat":[15],"product_tag":[],"class_list":{"0":"post-9756","1":"product","2":"type-product","3":"status-publish","5":"product_cat-uncategorized","7":"first","8":"onbackorder","9":"sale","10":"purchasable","11":"product-type-simple"},"_links":{"self":[{"href":"https:\/\/aramiso-test.verteco.app\/index.php?rest_route=\/wp\/v2\/product\/9756","targetHints":{"allow":["GET"]}}],"collection":[{"href":"https:\/\/aramiso-test.verteco.app\/index.php?rest_route=\/wp\/v2\/product"}],"about":[{"href":"https:\/\/aramiso-test.verteco.app\/index.php?rest_route=\/wp\/v2\/types\/product"}],"replies":[{"embeddable":true,"href":"https:\/\/aramiso-test.verteco.app\/index.php?rest_route=%2Fwp%2Fv2%2Fcomments&post=9756"}],"wp:attachment":[{"href":"https:\/\/aramiso-test.verteco.app\/index.php?rest_route=%2Fwp%2Fv2%2Fmedia&parent=9756"}],"wp:term":[{"taxonomy":"product_brand","embeddable":true,"href":"https:\/\/aramiso-test.verteco.app\/index.php?rest_route=%2Fwp%2Fv2%2Fproduct_brand&post=9756"},{"taxonomy":"product_cat","embeddable":true,"href":"https:\/\/aramiso-test.verteco.app\/index.php?rest_route=%2Fwp%2Fv2%2Fproduct_cat&post=9756"},{"taxonomy":"product_tag","embeddable":true,"href":"https:\/\/aramiso-test.verteco.app\/index.php?rest_route=%2Fwp%2Fv2%2Fproduct_tag&post=9756"}],"curies":[{"name":"wp","href":"https:\/\/api.w.org\/{rel}","templated":true}]}}