{"id":9751,"date":"2025-08-03T12:02:14","date_gmt":"2025-08-03T12:02:14","guid":{"rendered":"https:\/\/aramiso-test.verteco.app\/?product=madlo-exclusive-zdobene-a50-b5-l3000mm"},"modified":"2025-08-03T12:02:23","modified_gmt":"2025-08-03T12:02:23","slug":"madlo-exclusive-zdobene-a50-b5-l3000mm","status":"publish","type":"product","link":"https:\/\/aramiso-test.verteco.app\/?product=madlo-exclusive-zdobene-a50-b5-l3000mm","title":{"rendered":"Madlo Exclusive zdoben\u00e9 a50, b5, L3000mm,"},"content":{"rendered":"<p>Madlo ozdobn\u00e9, \u0161\u00edrka 50mm, hr\u00fabka 5mm, d\u013a\u017eka 3m, dod\u00e1va sa v surovom stave.<\/p>\n","protected":false},"excerpt":{"rendered":"<p>Materi\u00e1l: Oce\u013e, Povrchov\u00e1 \u00faprava: Zdoben\u00fd, Tvar prierezu: P\u00e1sovina, L: 3000, a: 50, b: 5<\/p>\n","protected":false},"featured_media":0,"comment_status":"closed","ping_status":"open","template":"","meta":[],"product_brand":[],"product_cat":[15],"product_tag":[],"class_list":{"0":"post-9751","1":"product","2":"type-product","3":"status-publish","5":"product_cat-uncategorized","7":"first","8":"onbackorder","9":"sale","10":"purchasable","11":"product-type-simple"},"_links":{"self":[{"href":"https:\/\/aramiso-test.verteco.app\/index.php?rest_route=\/wp\/v2\/product\/9751","targetHints":{"allow":["GET"]}}],"collection":[{"href":"https:\/\/aramiso-test.verteco.app\/index.php?rest_route=\/wp\/v2\/product"}],"about":[{"href":"https:\/\/aramiso-test.verteco.app\/index.php?rest_route=\/wp\/v2\/types\/product"}],"replies":[{"embeddable":true,"href":"https:\/\/aramiso-test.verteco.app\/index.php?rest_route=%2Fwp%2Fv2%2Fcomments&post=9751"}],"wp:attachment":[{"href":"https:\/\/aramiso-test.verteco.app\/index.php?rest_route=%2Fwp%2Fv2%2Fmedia&parent=9751"}],"wp:term":[{"taxonomy":"product_brand","embeddable":true,"href":"https:\/\/aramiso-test.verteco.app\/index.php?rest_route=%2Fwp%2Fv2%2Fproduct_brand&post=9751"},{"taxonomy":"product_cat","embeddable":true,"href":"https:\/\/aramiso-test.verteco.app\/index.php?rest_route=%2Fwp%2Fv2%2Fproduct_cat&post=9751"},{"taxonomy":"product_tag","embeddable":true,"href":"https:\/\/aramiso-test.verteco.app\/index.php?rest_route=%2Fwp%2Fv2%2Fproduct_tag&post=9751"}],"curies":[{"name":"wp","href":"https:\/\/api.w.org\/{rel}","templated":true}]}}