{"id":9731,"date":"2025-10-26T12:20:50","date_gmt":"2025-10-26T12:20:50","guid":{"rendered":"https:\/\/aramiso-test.verteco.app\/?product=tyc-plocha-valcovana-30x5-l6000mm"},"modified":"2025-10-26T12:20:51","modified_gmt":"2025-10-26T12:20:51","slug":"tyc-plocha-valcovana-30x5-l6000mm","status":"publish","type":"product","link":"https:\/\/aramiso-test.verteco.app\/?product=tyc-plocha-valcovana-30x5-l6000mm","title":{"rendered":"Ty\u010d ploch\u00e1 valcovan\u00e1 30&#215;5, L6000mm"},"content":{"rendered":"<p>Trieda: S235JR. D\u013a\u017eka 6m. Mo\u017enos\u0165 objedna\u0165 aj v 3m d\u013a\u017ekach (kat. \u010d\u00edslo: 30&#215;5-3M)<\/p>\n","protected":false},"excerpt":{"rendered":"<p>Materi\u00e1l: Oce\u013e, Povrchov\u00e1 \u00faprava: Natural, Tvar prierezu: P\u00e1sovina, L: 6000, a: 30, b: 5<\/p>\n","protected":false},"featured_media":0,"comment_status":"closed","ping_status":"open","template":"","meta":[],"product_brand":[],"product_cat":[15],"product_tag":[],"class_list":{"0":"post-9731","1":"product","2":"type-product","3":"status-publish","5":"product_cat-uncategorized","7":"first","8":"onbackorder","9":"sale","10":"purchasable","11":"product-type-simple"},"_links":{"self":[{"href":"https:\/\/aramiso-test.verteco.app\/index.php?rest_route=\/wp\/v2\/product\/9731","targetHints":{"allow":["GET"]}}],"collection":[{"href":"https:\/\/aramiso-test.verteco.app\/index.php?rest_route=\/wp\/v2\/product"}],"about":[{"href":"https:\/\/aramiso-test.verteco.app\/index.php?rest_route=\/wp\/v2\/types\/product"}],"replies":[{"embeddable":true,"href":"https:\/\/aramiso-test.verteco.app\/index.php?rest_route=%2Fwp%2Fv2%2Fcomments&post=9731"}],"wp:attachment":[{"href":"https:\/\/aramiso-test.verteco.app\/index.php?rest_route=%2Fwp%2Fv2%2Fmedia&parent=9731"}],"wp:term":[{"taxonomy":"product_brand","embeddable":true,"href":"https:\/\/aramiso-test.verteco.app\/index.php?rest_route=%2Fwp%2Fv2%2Fproduct_brand&post=9731"},{"taxonomy":"product_cat","embeddable":true,"href":"https:\/\/aramiso-test.verteco.app\/index.php?rest_route=%2Fwp%2Fv2%2Fproduct_cat&post=9731"},{"taxonomy":"product_tag","embeddable":true,"href":"https:\/\/aramiso-test.verteco.app\/index.php?rest_route=%2Fwp%2Fv2%2Fproduct_tag&post=9731"}],"curies":[{"name":"wp","href":"https:\/\/api.w.org\/{rel}","templated":true}]}}