{"id":9720,"date":"2025-08-03T12:02:02","date_gmt":"2025-08-03T12:02:02","guid":{"rendered":"https:\/\/aramiso-test.verteco.app\/?product=tyc-zdobena-a14-b14-l3000mm"},"modified":"2025-08-03T12:02:05","modified_gmt":"2025-08-03T12:02:05","slug":"tyc-zdobena-a14-b14-l3000mm","status":"publish","type":"product","link":"https:\/\/aramiso-test.verteco.app\/?product=tyc-zdobena-a14-b14-l3000mm","title":{"rendered":"Ty\u010d zdoben\u00e1 a14, b14, L3000mm"},"content":{"rendered":"<p>Zdoben\u00e1 \u0161tvorcov\u00e1 ty\u010d z materi\u00e1lu 14x14mm, d\u013a\u017eka 3m, dod\u00e1va sa v surovom stave. Mo\u017enos\u0165 objedna\u0165 aj v 6m kusoch (kat. \u010d\u00edslo P\/035A-14&#215;14-6M).<\/p>\n","protected":false},"excerpt":{"rendered":"<p>Materi\u00e1l: Oce\u013e, Povrchov\u00e1 \u00faprava: Zdoben\u00fd, Tvar prierezu: \u0160tvorcov\u00e1 ty\u010d, L: 3000, a: 14, b: 14<\/p>\n","protected":false},"featured_media":0,"comment_status":"closed","ping_status":"open","template":"","meta":[],"product_brand":[],"product_cat":[15],"product_tag":[],"class_list":{"0":"post-9720","1":"product","2":"type-product","3":"status-publish","5":"product_cat-uncategorized","7":"first","8":"onbackorder","9":"sale","10":"purchasable","11":"product-type-simple"},"_links":{"self":[{"href":"https:\/\/aramiso-test.verteco.app\/index.php?rest_route=\/wp\/v2\/product\/9720","targetHints":{"allow":["GET"]}}],"collection":[{"href":"https:\/\/aramiso-test.verteco.app\/index.php?rest_route=\/wp\/v2\/product"}],"about":[{"href":"https:\/\/aramiso-test.verteco.app\/index.php?rest_route=\/wp\/v2\/types\/product"}],"replies":[{"embeddable":true,"href":"https:\/\/aramiso-test.verteco.app\/index.php?rest_route=%2Fwp%2Fv2%2Fcomments&post=9720"}],"wp:attachment":[{"href":"https:\/\/aramiso-test.verteco.app\/index.php?rest_route=%2Fwp%2Fv2%2Fmedia&parent=9720"}],"wp:term":[{"taxonomy":"product_brand","embeddable":true,"href":"https:\/\/aramiso-test.verteco.app\/index.php?rest_route=%2Fwp%2Fv2%2Fproduct_brand&post=9720"},{"taxonomy":"product_cat","embeddable":true,"href":"https:\/\/aramiso-test.verteco.app\/index.php?rest_route=%2Fwp%2Fv2%2Fproduct_cat&post=9720"},{"taxonomy":"product_tag","embeddable":true,"href":"https:\/\/aramiso-test.verteco.app\/index.php?rest_route=%2Fwp%2Fv2%2Fproduct_tag&post=9720"}],"curies":[{"name":"wp","href":"https:\/\/api.w.org\/{rel}","templated":true}]}}