{"id":9686,"date":"2025-10-26T12:20:42","date_gmt":"2025-10-26T12:20:42","guid":{"rendered":"https:\/\/aramiso-test.verteco.app\/?product=ornament-710x640-16x8mm"},"modified":"2025-10-26T12:20:43","modified_gmt":"2025-10-26T12:20:43","slug":"ornament-710x640-16x8mm","status":"publish","type":"product","link":"https:\/\/aramiso-test.verteco.app\/?product=ornament-710x640-16x8mm","title":{"rendered":"Ornament 710&#215;640, 16x8mm"},"content":{"rendered":"<p>Kovan\u00fd ornament je dokonal\u00fdm doplnkom pre br\u00e1ny, ploty, z\u00e1bradlia alebo interi\u00e9rov\u00e9 prvky. Ru\u010dne spracovan\u00fd dizajn v sebe sp\u00e1ja tradi\u010dn\u00e9 remeslo a eleganciu.<\/p>\n<p>Technick\u00e9 parametre:<br \/>\nMateri\u00e1l: Oce\u013e<br \/>\n\u0160\u00edrka: 640 mm<br \/>\nV\u00fd\u0161ka: 710 mm<br \/>\nPovrchov\u00e1 \u00faprava: Surov\u00fd kov (mo\u017enos\u0165 \u010fal\u0161ej \u00fapravy)<\/p>\n<p>Vyu\u017eitie:<br \/>\nDekora\u010dn\u00fd prvok pre kovov\u00e9 br\u00e1ny a ploty<br \/>\nVhodn\u00fd na z\u00e1bradlia schod\u00edsk a balk\u00f3nov<br \/>\nInteri\u00e9rov\u00e9 a exteri\u00e9rov\u00e9 dekora\u010dn\u00e9 prvky<\/p>\n<p>Mo\u017enos\u0165 kombin\u00e1cie s \u010fal\u0161\u00edmi kovan\u00fdmi prvkami pre jedine\u010dn\u00fd dizajn.<br \/>\n<br \/>\nPre e\u0161te dokonalej\u0161\u00ed vzh\u013ead a dlh\u0161iu \u017eivotnos\u0165 odpor\u00fa\u010dame objedna\u0165 aj kvalitn\u00fa farbu a patinu, ktor\u00e9 n\u00e1jdete v sekcii <a title=\"Farby a patiny\" href=\"https:\/\/umakov.sk\/farby-a-patiny-t-943\/\">Farby a patiny<\/a><\/p>\n","protected":false},"excerpt":{"rendered":"<p>Materi\u00e1l: Oce\u013e, Povrchov\u00e1 \u00faprava: Natural, b: 640, h: 710<\/p>\n","protected":false},"featured_media":0,"comment_status":"closed","ping_status":"open","template":"","meta":[],"product_brand":[],"product_cat":[15],"product_tag":[],"class_list":{"0":"post-9686","1":"product","2":"type-product","3":"status-publish","5":"product_cat-uncategorized","7":"first","8":"instock","9":"sale","10":"purchasable","11":"product-type-simple"},"_links":{"self":[{"href":"https:\/\/aramiso-test.verteco.app\/index.php?rest_route=\/wp\/v2\/product\/9686","targetHints":{"allow":["GET"]}}],"collection":[{"href":"https:\/\/aramiso-test.verteco.app\/index.php?rest_route=\/wp\/v2\/product"}],"about":[{"href":"https:\/\/aramiso-test.verteco.app\/index.php?rest_route=\/wp\/v2\/types\/product"}],"replies":[{"embeddable":true,"href":"https:\/\/aramiso-test.verteco.app\/index.php?rest_route=%2Fwp%2Fv2%2Fcomments&post=9686"}],"wp:attachment":[{"href":"https:\/\/aramiso-test.verteco.app\/index.php?rest_route=%2Fwp%2Fv2%2Fmedia&parent=9686"}],"wp:term":[{"taxonomy":"product_brand","embeddable":true,"href":"https:\/\/aramiso-test.verteco.app\/index.php?rest_route=%2Fwp%2Fv2%2Fproduct_brand&post=9686"},{"taxonomy":"product_cat","embeddable":true,"href":"https:\/\/aramiso-test.verteco.app\/index.php?rest_route=%2Fwp%2Fv2%2Fproduct_cat&post=9686"},{"taxonomy":"product_tag","embeddable":true,"href":"https:\/\/aramiso-test.verteco.app\/index.php?rest_route=%2Fwp%2Fv2%2Fproduct_tag&post=9686"}],"curies":[{"name":"wp","href":"https:\/\/api.w.org\/{rel}","templated":true}]}}