{"id":9657,"date":"2025-10-26T12:20:35","date_gmt":"2025-10-26T12:20:35","guid":{"rendered":"https:\/\/aramiso-test.verteco.app\/?product=mreze-ohybane-profil-vlnka-12x12l2600mm"},"modified":"2025-10-26T12:20:38","modified_gmt":"2025-10-26T12:20:38","slug":"mreze-ohybane-profil-vlnka-12x12l2600mm","status":"publish","type":"product","link":"https:\/\/aramiso-test.verteco.app\/?product=mreze-ohybane-profil-vlnka-12x12l2600mm","title":{"rendered":"Mre\u017ee oh\u00fdban\u00e9 profil-vlnka 12&#215;12,L2600mm"},"content":{"rendered":"<p>Profil oh\u00fdban\u00fd na v\u00fdpl\u0148 mre\u017e\u00ed z materi\u00e1lu 12x12mm, d\u013a\u017eka 2600mm, d\u013a\u017eka vlnky 330mm, \u0161\u00edrka 85mm, do 1 m2 ide orienta\u010dne 5,5ks profilu. Doporu\u010dujeme na prekrytie zvarov pou\u017ei\u0165 sponky E\/055T-24x12R alebo E\/055-24x12R.<\/p>\n","protected":false},"excerpt":{"rendered":"<p>Materi\u00e1l: Oce\u013e<\/p>\n","protected":false},"featured_media":0,"comment_status":"closed","ping_status":"open","template":"","meta":[],"product_brand":[],"product_cat":[15],"product_tag":[],"class_list":{"0":"post-9657","1":"product","2":"type-product","3":"status-publish","5":"product_cat-uncategorized","7":"first","8":"onbackorder","9":"sale","10":"purchasable","11":"product-type-simple"},"_links":{"self":[{"href":"https:\/\/aramiso-test.verteco.app\/index.php?rest_route=\/wp\/v2\/product\/9657","targetHints":{"allow":["GET"]}}],"collection":[{"href":"https:\/\/aramiso-test.verteco.app\/index.php?rest_route=\/wp\/v2\/product"}],"about":[{"href":"https:\/\/aramiso-test.verteco.app\/index.php?rest_route=\/wp\/v2\/types\/product"}],"replies":[{"embeddable":true,"href":"https:\/\/aramiso-test.verteco.app\/index.php?rest_route=%2Fwp%2Fv2%2Fcomments&post=9657"}],"wp:attachment":[{"href":"https:\/\/aramiso-test.verteco.app\/index.php?rest_route=%2Fwp%2Fv2%2Fmedia&parent=9657"}],"wp:term":[{"taxonomy":"product_brand","embeddable":true,"href":"https:\/\/aramiso-test.verteco.app\/index.php?rest_route=%2Fwp%2Fv2%2Fproduct_brand&post=9657"},{"taxonomy":"product_cat","embeddable":true,"href":"https:\/\/aramiso-test.verteco.app\/index.php?rest_route=%2Fwp%2Fv2%2Fproduct_cat&post=9657"},{"taxonomy":"product_tag","embeddable":true,"href":"https:\/\/aramiso-test.verteco.app\/index.php?rest_route=%2Fwp%2Fv2%2Fproduct_tag&post=9657"}],"curies":[{"name":"wp","href":"https:\/\/api.w.org\/{rel}","templated":true}]}}