{"id":9594,"date":"2025-08-03T11:58:28","date_gmt":"2025-08-03T11:58:28","guid":{"rendered":"https:\/\/aramiso-test.verteco.app\/?product=element-tvaru-c-120x75-p-030-10x4mm"},"modified":"2025-08-03T11:58:38","modified_gmt":"2025-08-03T11:58:38","slug":"element-tvaru-c-120x75-p-030-10x4mm","status":"publish","type":"product","link":"https:\/\/aramiso-test.verteco.app\/?product=element-tvaru-c-120x75-p-030-10x4mm","title":{"rendered":"Element tvaru-C 120&#215;75, P\/030-10x4mm"},"content":{"rendered":"<p>Vhodn\u00fd na ozdobenie a sp\u00e1janie ty\u010d\u00ed vo v\u00fdplni kovan\u00fdch br\u00e1n, kovan\u00fdch br\u00e1nok, kovan\u00fdch plotov, kovan\u00fdch mre\u017e\u00ed, kovan\u00fdch z\u00e1bradl\u00ed, na v\u00fdrobu r\u00f4zn\u00fdch kovan\u00fdch doplnkov, svietnikov, ve\u0161iakov, kovan\u00fdch stojanov&#8230; Dod\u00e1va sa v surovom stave.<\/p>\n","protected":false},"excerpt":{"rendered":"<p>Materi\u00e1l: Oce\u013e, Detail ukon\u010denia: D, Tvar elementu: C<\/p>\n","protected":false},"featured_media":0,"comment_status":"closed","ping_status":"open","template":"","meta":[],"product_brand":[],"product_cat":[15],"product_tag":[],"class_list":{"0":"post-9594","1":"product","2":"type-product","3":"status-publish","5":"product_cat-uncategorized","7":"first","8":"instock","9":"sale","10":"purchasable","11":"product-type-simple"},"_links":{"self":[{"href":"https:\/\/aramiso-test.verteco.app\/index.php?rest_route=\/wp\/v2\/product\/9594","targetHints":{"allow":["GET"]}}],"collection":[{"href":"https:\/\/aramiso-test.verteco.app\/index.php?rest_route=\/wp\/v2\/product"}],"about":[{"href":"https:\/\/aramiso-test.verteco.app\/index.php?rest_route=\/wp\/v2\/types\/product"}],"replies":[{"embeddable":true,"href":"https:\/\/aramiso-test.verteco.app\/index.php?rest_route=%2Fwp%2Fv2%2Fcomments&post=9594"}],"wp:attachment":[{"href":"https:\/\/aramiso-test.verteco.app\/index.php?rest_route=%2Fwp%2Fv2%2Fmedia&parent=9594"}],"wp:term":[{"taxonomy":"product_brand","embeddable":true,"href":"https:\/\/aramiso-test.verteco.app\/index.php?rest_route=%2Fwp%2Fv2%2Fproduct_brand&post=9594"},{"taxonomy":"product_cat","embeddable":true,"href":"https:\/\/aramiso-test.verteco.app\/index.php?rest_route=%2Fwp%2Fv2%2Fproduct_cat&post=9594"},{"taxonomy":"product_tag","embeddable":true,"href":"https:\/\/aramiso-test.verteco.app\/index.php?rest_route=%2Fwp%2Fv2%2Fproduct_tag&post=9594"}],"curies":[{"name":"wp","href":"https:\/\/api.w.org\/{rel}","templated":true}]}}