{"id":9489,"date":"2025-10-26T12:20:15","date_gmt":"2025-10-26T12:20:15","guid":{"rendered":"https:\/\/aramiso-test.verteco.app\/?product=krytka-na-stlpik-h70-b51x51-t15mm"},"modified":"2025-10-26T12:20:16","modified_gmt":"2025-10-26T12:20:16","slug":"krytka-na-stlpik-h70-b51x51-t15mm","status":"publish","type":"product","link":"https:\/\/aramiso-test.verteco.app\/?product=krytka-na-stlpik-h70-b51x51-t15mm","title":{"rendered":"Krytka na st\u013apik h70, b51x51, t1,5mm"},"content":{"rendered":"<p>Krytky na st\u013apiky s\u00fa vyroben\u00fd z ocele bez povrchovej \u00fapravy. Zvy\u010dajne sl\u00fa\u017eia ako ochrann\u00fd alebo estetick\u00fd prvok na st\u013apiku.<br \/>\nKe\u010f\u017ee oce\u013e je bez povrchovej \u00fapravy, je v surovej forme, \u010do znamen\u00e1, \u017ee jej ch\u00fdba ochrana proti kor\u00f3zii. \u010casto sa odpor\u00fa\u010da pou\u017ei\u0165 ochrann\u00fa povrchov\u00fa \u00fapravu na pred\u013a\u017eenie \u017eivotnosti ocele ako je lakovanie, pr\u00e1\u0161kov\u00e9 lakovanie alebo galvaniz\u00e1cia (pozinkovanie).<\/p>\n","protected":false},"excerpt":{"rendered":"<p>Materi\u00e1l: Oce\u013e, Povrchov\u00e1 \u00faprava: Natural, Druh pr\u00edslu\u0161enstva: Krytky, t: 1,4, A: 50, B: 50<\/p>\n","protected":false},"featured_media":0,"comment_status":"closed","ping_status":"open","template":"","meta":[],"product_brand":[],"product_cat":[15],"product_tag":[],"class_list":{"0":"post-9489","1":"product","2":"type-product","3":"status-publish","5":"product_cat-uncategorized","7":"first","8":"instock","9":"sale","10":"purchasable","11":"product-type-simple"},"_links":{"self":[{"href":"https:\/\/aramiso-test.verteco.app\/index.php?rest_route=\/wp\/v2\/product\/9489","targetHints":{"allow":["GET"]}}],"collection":[{"href":"https:\/\/aramiso-test.verteco.app\/index.php?rest_route=\/wp\/v2\/product"}],"about":[{"href":"https:\/\/aramiso-test.verteco.app\/index.php?rest_route=\/wp\/v2\/types\/product"}],"replies":[{"embeddable":true,"href":"https:\/\/aramiso-test.verteco.app\/index.php?rest_route=%2Fwp%2Fv2%2Fcomments&post=9489"}],"wp:attachment":[{"href":"https:\/\/aramiso-test.verteco.app\/index.php?rest_route=%2Fwp%2Fv2%2Fmedia&parent=9489"}],"wp:term":[{"taxonomy":"product_brand","embeddable":true,"href":"https:\/\/aramiso-test.verteco.app\/index.php?rest_route=%2Fwp%2Fv2%2Fproduct_brand&post=9489"},{"taxonomy":"product_cat","embeddable":true,"href":"https:\/\/aramiso-test.verteco.app\/index.php?rest_route=%2Fwp%2Fv2%2Fproduct_cat&post=9489"},{"taxonomy":"product_tag","embeddable":true,"href":"https:\/\/aramiso-test.verteco.app\/index.php?rest_route=%2Fwp%2Fv2%2Fproduct_tag&post=9489"}],"curies":[{"name":"wp","href":"https:\/\/api.w.org\/{rel}","templated":true}]}}