{"id":9478,"date":"2025-08-03T11:56:34","date_gmt":"2025-08-03T11:56:34","guid":{"rendered":"https:\/\/aramiso-test.verteco.app\/?product=krytka-na-stlpik-50x50-t12mm"},"modified":"2025-08-03T11:56:35","modified_gmt":"2025-08-03T11:56:35","slug":"krytka-na-stlpik-50x50-t12mm","status":"publish","type":"product","link":"https:\/\/aramiso-test.verteco.app\/?product=krytka-na-stlpik-50x50-t12mm","title":{"rendered":"Krytka na st\u013apik 50&#215;50, t1,2mm"},"content":{"rendered":"<p>T\u00e1to krytka predstavuje cenovo dostupn\u00e9 rie\u0161enie pre zakrytie st\u013apikov. Vyroben\u00e1 je z ocele, no v porovnan\u00ed s pr\u00e9miovou verziou m\u00e1 ten\u0161ie spracovanie a povrch m\u00f4\u017ee obsahova\u0165 nerovnosti \u010di zn\u00e1mky oxid\u00e1cie. Napriek tomu pln\u00ed svoju z\u00e1kladn\u00fa funkciu \u2013 ochranu st\u013apika pred zatekan\u00edm vody a pred\u013a\u017eenie jeho \u017eivotnosti.<\/p>\n","protected":false},"excerpt":{"rendered":"<p>Materi\u00e1l: Oce\u013e, Povrchov\u00e1 \u00faprava: Natural, Zna\u010dka: Umakov, Druh pr\u00edslu\u0161enstva: Krytky, t: 1,2, A: 50, B: 50<\/p>\n","protected":false},"featured_media":0,"comment_status":"closed","ping_status":"open","template":"","meta":[],"product_brand":[],"product_cat":[15],"product_tag":[],"class_list":{"0":"post-9478","1":"product","2":"type-product","3":"status-publish","5":"product_cat-uncategorized","7":"first","8":"onbackorder","9":"sale","10":"purchasable","11":"product-type-simple"},"_links":{"self":[{"href":"https:\/\/aramiso-test.verteco.app\/index.php?rest_route=\/wp\/v2\/product\/9478","targetHints":{"allow":["GET"]}}],"collection":[{"href":"https:\/\/aramiso-test.verteco.app\/index.php?rest_route=\/wp\/v2\/product"}],"about":[{"href":"https:\/\/aramiso-test.verteco.app\/index.php?rest_route=\/wp\/v2\/types\/product"}],"replies":[{"embeddable":true,"href":"https:\/\/aramiso-test.verteco.app\/index.php?rest_route=%2Fwp%2Fv2%2Fcomments&post=9478"}],"wp:attachment":[{"href":"https:\/\/aramiso-test.verteco.app\/index.php?rest_route=%2Fwp%2Fv2%2Fmedia&parent=9478"}],"wp:term":[{"taxonomy":"product_brand","embeddable":true,"href":"https:\/\/aramiso-test.verteco.app\/index.php?rest_route=%2Fwp%2Fv2%2Fproduct_brand&post=9478"},{"taxonomy":"product_cat","embeddable":true,"href":"https:\/\/aramiso-test.verteco.app\/index.php?rest_route=%2Fwp%2Fv2%2Fproduct_cat&post=9478"},{"taxonomy":"product_tag","embeddable":true,"href":"https:\/\/aramiso-test.verteco.app\/index.php?rest_route=%2Fwp%2Fv2%2Fproduct_tag&post=9478"}],"curies":[{"name":"wp","href":"https:\/\/api.w.org\/{rel}","templated":true}]}}