{"id":9476,"date":"2025-08-03T11:56:34","date_gmt":"2025-08-03T11:56:34","guid":{"rendered":"https:\/\/aramiso-test.verteco.app\/?product=krytka-na-stlpik-40x20mm"},"modified":"2025-08-03T11:56:34","modified_gmt":"2025-08-03T11:56:34","slug":"krytka-na-stlpik-40x20mm","status":"publish","type":"product","link":"https:\/\/aramiso-test.verteco.app\/?product=krytka-na-stlpik-40x20mm","title":{"rendered":"Krytka na st\u013apik 40x20mm"},"content":{"rendered":"<p>Krytka vyroben\u00e1 z kvalitnej ocele s presn\u00fdm opracovan\u00edm a hladk\u00fdm povrchom. V\u010faka prec\u00edznej v\u00fdrobe p\u00f4sob\u00ed esteticky a profesion\u00e1lne, ide\u00e1lna pre v\u0161etky typy oploten\u00ed \u010di kovov\u00fdch kon\u0161trukci\u00ed, kde je d\u00f4le\u017eit\u00fd aj vzh\u013ead. Zabezpe\u010duje spo\u013eahliv\u00fa ochranu st\u013apika pred zatekan\u00edm vody, \u010d\u00edm predl\u017euje jeho \u017eivotnos\u0165.<br \/>\nKe\u010f\u017ee oce\u013e je bez povrchovej \u00fapravy, je v surovej forme, \u010do znamen\u00e1, \u017ee jej ch\u00fdba ochrana proti kor\u00f3zii. \u010casto sa odpor\u00fa\u010da pou\u017ei\u0165 ochrann\u00fa povrchov\u00fa \u00fapravu na pred\u013a\u017eenie \u017eivotnosti ocele ako je lakovanie, pr\u00e1\u0161kov\u00e9 lakovanie alebo galvaniz\u00e1cia (pozinkovanie).<\/p>\n","protected":false},"excerpt":{"rendered":"<p>Materi\u00e1l: Oce\u013e, Tvar krytky: Obdl\u017en\u00edkov\u00e9, Druh pr\u00edslu\u0161enstva: Krytky<\/p>\n","protected":false},"featured_media":0,"comment_status":"closed","ping_status":"open","template":"","meta":[],"product_brand":[],"product_cat":[15],"product_tag":[],"class_list":{"0":"post-9476","1":"product","2":"type-product","3":"status-publish","5":"product_cat-uncategorized","7":"first","8":"instock","9":"sale","10":"purchasable","11":"product-type-simple"},"_links":{"self":[{"href":"https:\/\/aramiso-test.verteco.app\/index.php?rest_route=\/wp\/v2\/product\/9476","targetHints":{"allow":["GET"]}}],"collection":[{"href":"https:\/\/aramiso-test.verteco.app\/index.php?rest_route=\/wp\/v2\/product"}],"about":[{"href":"https:\/\/aramiso-test.verteco.app\/index.php?rest_route=\/wp\/v2\/types\/product"}],"replies":[{"embeddable":true,"href":"https:\/\/aramiso-test.verteco.app\/index.php?rest_route=%2Fwp%2Fv2%2Fcomments&post=9476"}],"wp:attachment":[{"href":"https:\/\/aramiso-test.verteco.app\/index.php?rest_route=%2Fwp%2Fv2%2Fmedia&parent=9476"}],"wp:term":[{"taxonomy":"product_brand","embeddable":true,"href":"https:\/\/aramiso-test.verteco.app\/index.php?rest_route=%2Fwp%2Fv2%2Fproduct_brand&post=9476"},{"taxonomy":"product_cat","embeddable":true,"href":"https:\/\/aramiso-test.verteco.app\/index.php?rest_route=%2Fwp%2Fv2%2Fproduct_cat&post=9476"},{"taxonomy":"product_tag","embeddable":true,"href":"https:\/\/aramiso-test.verteco.app\/index.php?rest_route=%2Fwp%2Fv2%2Fproduct_tag&post=9476"}],"curies":[{"name":"wp","href":"https:\/\/api.w.org\/{rel}","templated":true}]}}