{"id":9474,"date":"2025-08-03T11:56:16","date_gmt":"2025-08-03T11:56:16","guid":{"rendered":"https:\/\/aramiso-test.verteco.app\/?product=krytka-na-stlpik-pozinkovana-80x80-h20-t12mm-zn"},"modified":"2025-08-03T11:56:33","modified_gmt":"2025-08-03T11:56:33","slug":"krytka-na-stlpik-pozinkovana-80x80-h20-t12mm-zn","status":"publish","type":"product","link":"https:\/\/aramiso-test.verteco.app\/?product=krytka-na-stlpik-pozinkovana-80x80-h20-t12mm-zn","title":{"rendered":"Krytka na st\u013apik, pozinkovan\u00e1 80&#215;80, h20, t1,2mm, Zn"},"content":{"rendered":"<p>Krytka vyroben\u00e1 z kvalitnej pozinkovanej ocele s presn\u00fdm opracovan\u00edm a hladk\u00fdm povrchom. V\u010faka prec\u00edznej v\u00fdrobe p\u00f4sob\u00ed esteticky a profesion\u00e1lne, ide\u00e1lna pre v\u0161etky typy oploten\u00ed \u010di kovov\u00fdch kon\u0161trukci\u00ed, kde je d\u00f4le\u017eit\u00fd aj vzh\u013ead. Zabezpe\u010duje spo\u013eahliv\u00fa ochranu st\u013apika pred zatekan\u00edm vody, \u010d\u00edm predl\u017euje jeho \u017eivotnos\u0165.<\/p>\n","protected":false},"excerpt":{"rendered":"<p>Materi\u00e1l: Oce\u013e, Povrchov\u00e1 \u00faprava: Zinok, Zna\u010dka: Umakov, Druh pr\u00edslu\u0161enstva: Krytky, t: 1,2, A: 80, B: 80, H: 23<\/p>\n","protected":false},"featured_media":0,"comment_status":"closed","ping_status":"open","template":"","meta":[],"product_brand":[],"product_cat":[15],"product_tag":[],"class_list":{"0":"post-9474","1":"product","2":"type-product","3":"status-publish","5":"product_cat-uncategorized","7":"first","8":"onbackorder","9":"sale","10":"purchasable","11":"product-type-simple"},"_links":{"self":[{"href":"https:\/\/aramiso-test.verteco.app\/index.php?rest_route=\/wp\/v2\/product\/9474","targetHints":{"allow":["GET"]}}],"collection":[{"href":"https:\/\/aramiso-test.verteco.app\/index.php?rest_route=\/wp\/v2\/product"}],"about":[{"href":"https:\/\/aramiso-test.verteco.app\/index.php?rest_route=\/wp\/v2\/types\/product"}],"replies":[{"embeddable":true,"href":"https:\/\/aramiso-test.verteco.app\/index.php?rest_route=%2Fwp%2Fv2%2Fcomments&post=9474"}],"wp:attachment":[{"href":"https:\/\/aramiso-test.verteco.app\/index.php?rest_route=%2Fwp%2Fv2%2Fmedia&parent=9474"}],"wp:term":[{"taxonomy":"product_brand","embeddable":true,"href":"https:\/\/aramiso-test.verteco.app\/index.php?rest_route=%2Fwp%2Fv2%2Fproduct_brand&post=9474"},{"taxonomy":"product_cat","embeddable":true,"href":"https:\/\/aramiso-test.verteco.app\/index.php?rest_route=%2Fwp%2Fv2%2Fproduct_cat&post=9474"},{"taxonomy":"product_tag","embeddable":true,"href":"https:\/\/aramiso-test.verteco.app\/index.php?rest_route=%2Fwp%2Fv2%2Fproduct_tag&post=9474"}],"curies":[{"name":"wp","href":"https:\/\/api.w.org\/{rel}","templated":true}]}}