{"id":9399,"date":"2025-08-03T11:54:45","date_gmt":"2025-08-03T11:54:45","guid":{"rendered":"https:\/\/aramiso-test.verteco.app\/?product=rozeta-kotviaca-100x100-t8mm-4xd10mm"},"modified":"2025-08-03T11:54:48","modified_gmt":"2025-08-03T11:54:48","slug":"rozeta-kotviaca-100x100-t8mm-4xd10mm","status":"publish","type":"product","link":"https:\/\/aramiso-test.verteco.app\/?product=rozeta-kotviaca-100x100-t8mm-4xd10mm","title":{"rendered":"Rozeta kotviaca 100&#215;100, t8mm, 4xd10mm"},"content":{"rendered":"<p>K st\u013apiku sa prip\u00e1ja zv\u00e1ran\u00edm. \u0160tandardne sa dod\u00e1va v surovom stave. Do m\u00farika, betonov\u00e9ho z\u00e1kladu doporu\u010dujeme kotvi\u0165 pomocou oce\u013eov\u00fdch kotiev, n\u00e1jdete ich pod kat. \u010d\u00edslom. Q5\/06&#8230;, alebo pomocou z\u00e1vitovej ty\u010de (DIN975&#8230;) a chemickej kotvy kat. \u010dislo Q5\/01-GF300.<\/p>\n","protected":false},"excerpt":{"rendered":"<p>Materi\u00e1l: Oce\u013e, Povrchov\u00e1 \u00faprava: Natural, t: 8, a: 100&#215;100, b: 70, d: 10<\/p>\n","protected":false},"featured_media":0,"comment_status":"closed","ping_status":"open","template":"","meta":[],"product_brand":[],"product_cat":[15],"product_tag":[],"class_list":{"0":"post-9399","1":"product","2":"type-product","3":"status-publish","5":"product_cat-uncategorized","7":"first","8":"onbackorder","9":"sale","10":"purchasable","11":"product-type-simple"},"_links":{"self":[{"href":"https:\/\/aramiso-test.verteco.app\/index.php?rest_route=\/wp\/v2\/product\/9399","targetHints":{"allow":["GET"]}}],"collection":[{"href":"https:\/\/aramiso-test.verteco.app\/index.php?rest_route=\/wp\/v2\/product"}],"about":[{"href":"https:\/\/aramiso-test.verteco.app\/index.php?rest_route=\/wp\/v2\/types\/product"}],"replies":[{"embeddable":true,"href":"https:\/\/aramiso-test.verteco.app\/index.php?rest_route=%2Fwp%2Fv2%2Fcomments&post=9399"}],"wp:attachment":[{"href":"https:\/\/aramiso-test.verteco.app\/index.php?rest_route=%2Fwp%2Fv2%2Fmedia&parent=9399"}],"wp:term":[{"taxonomy":"product_brand","embeddable":true,"href":"https:\/\/aramiso-test.verteco.app\/index.php?rest_route=%2Fwp%2Fv2%2Fproduct_brand&post=9399"},{"taxonomy":"product_cat","embeddable":true,"href":"https:\/\/aramiso-test.verteco.app\/index.php?rest_route=%2Fwp%2Fv2%2Fproduct_cat&post=9399"},{"taxonomy":"product_tag","embeddable":true,"href":"https:\/\/aramiso-test.verteco.app\/index.php?rest_route=%2Fwp%2Fv2%2Fproduct_tag&post=9399"}],"curies":[{"name":"wp","href":"https:\/\/api.w.org\/{rel}","templated":true}]}}