{"id":9381,"date":"2025-08-03T11:54:33","date_gmt":"2025-08-03T11:54:33","guid":{"rendered":"https:\/\/aramiso-test.verteco.app\/?product=navlek-h65-d38-125x125mm"},"modified":"2025-08-03T11:54:37","modified_gmt":"2025-08-03T11:54:37","slug":"navlek-h65-d38-125x125mm","status":"publish","type":"product","link":"https:\/\/aramiso-test.verteco.app\/?product=navlek-h65-d38-125x125mm","title":{"rendered":"N\u00e1vlek h65, D38, 12,5&#215;12,5mm"},"content":{"rendered":"<p>Vhodn\u00fd na zdobenie ty\u010d\u00ed, v\u00fdpln\u00ed kovan\u00fdch br\u00e1n, br\u00e1nok, plotov, mre\u017e\u00ed, z\u00e1bradl\u00ed.<\/p>\n","protected":false},"excerpt":{"rendered":"<p>Materi\u00e1l: Oce\u013e, Povrchov\u00e1 \u00faprava: Natural, Otvor: \u0160tvorec, D: 38, h: 65<\/p>\n","protected":false},"featured_media":0,"comment_status":"closed","ping_status":"open","template":"","meta":[],"product_brand":[],"product_cat":[15],"product_tag":[],"class_list":{"0":"post-9381","1":"product","2":"type-product","3":"status-publish","5":"product_cat-uncategorized","7":"first","8":"onbackorder","9":"sale","10":"purchasable","11":"product-type-simple"},"_links":{"self":[{"href":"https:\/\/aramiso-test.verteco.app\/index.php?rest_route=\/wp\/v2\/product\/9381","targetHints":{"allow":["GET"]}}],"collection":[{"href":"https:\/\/aramiso-test.verteco.app\/index.php?rest_route=\/wp\/v2\/product"}],"about":[{"href":"https:\/\/aramiso-test.verteco.app\/index.php?rest_route=\/wp\/v2\/types\/product"}],"replies":[{"embeddable":true,"href":"https:\/\/aramiso-test.verteco.app\/index.php?rest_route=%2Fwp%2Fv2%2Fcomments&post=9381"}],"wp:attachment":[{"href":"https:\/\/aramiso-test.verteco.app\/index.php?rest_route=%2Fwp%2Fv2%2Fmedia&parent=9381"}],"wp:term":[{"taxonomy":"product_brand","embeddable":true,"href":"https:\/\/aramiso-test.verteco.app\/index.php?rest_route=%2Fwp%2Fv2%2Fproduct_brand&post=9381"},{"taxonomy":"product_cat","embeddable":true,"href":"https:\/\/aramiso-test.verteco.app\/index.php?rest_route=%2Fwp%2Fv2%2Fproduct_cat&post=9381"},{"taxonomy":"product_tag","embeddable":true,"href":"https:\/\/aramiso-test.verteco.app\/index.php?rest_route=%2Fwp%2Fv2%2Fproduct_tag&post=9381"}],"curies":[{"name":"wp","href":"https:\/\/api.w.org\/{rel}","templated":true}]}}