{"id":9309,"date":"2025-08-03T11:52:42","date_gmt":"2025-08-03T11:52:42","guid":{"rendered":"https:\/\/aramiso-test.verteco.app\/?product=hrot-kovany-h122-b63-n24mm"},"modified":"2025-08-03T11:52:50","modified_gmt":"2025-08-03T11:52:50","slug":"hrot-kovany-h122-b63-n24mm","status":"publish","type":"product","link":"https:\/\/aramiso-test.verteco.app\/?product=hrot-kovany-h122-b63-n24mm","title":{"rendered":"Hrot kovan\u00fd h122, b63, n24mm"},"content":{"rendered":"<p>Dodajte svojmu plotu \u0161t\u00fdlov\u00fd a elegantn\u00fd vzh\u013ead s na\u0161\u00edm kvalitn\u00fdm hrotom. Tento dekorat\u00edvny prvok je ide\u00e1lny na ochranu aj estetick\u00e9 vylep\u0161enie plotov, br\u00e1n \u010di z\u00e1bradl\u00ed.<\/p>\n<p>Materi\u00e1l: Oce\u013e<br \/>\nOdolnos\u0165: Vysok\u00e1 pevnos\u0165 a odolnos\u0165 vo\u010di poveternostn\u00fdm podmienkam<br \/>\nDizajn: Klasick\u00fd \u0161picat\u00fd tvar s elegantn\u00fdmi krivkami<br \/>\nVyu\u017eitie: Ploty, br\u00e1ny, z\u00e1bradlia, dekora\u010dn\u00e9 prvky<\/p>\n<p>Perfektn\u00e1 vo\u013eba pre remeseln\u00edkov, kov\u00e1\u010dov aj majite\u013eov nehnute\u013enost\u00ed, ktor\u00ed h\u013eadaj\u00fa kombin\u00e1ciu bezpe\u010dnosti a estetiky.<br \/>\n<br \/>\nObjednajte si teraz a vylep\u0161ite svoj plot kovan\u00fdm detailom!<br \/>\n<br \/>\nPre e\u0161te dokonalej\u0161\u00ed vzh\u013ead a dlh\u0161iu \u017eivotnos\u0165 odpor\u00fa\u010dame k hrotu objedna\u0165 aj kvalitn\u00fa farbu a patinu, ktor\u00e9 n\u00e1jdete v sekcii <a title=\"Farby a patiny\" href=\"https:\/\/umakov.sk\/farby-a-patiny-t-943\/\">Farby a patiny<\/a><\/p>\n","protected":false},"excerpt":{"rendered":"<p>Materi\u00e1l: Oce\u013e, Povrchov\u00e1 \u00faprava: Natural, b: 63, h: 122<\/p>\n","protected":false},"featured_media":0,"comment_status":"closed","ping_status":"open","template":"","meta":[],"product_brand":[],"product_cat":[15],"product_tag":[],"class_list":{"0":"post-9309","1":"product","2":"type-product","3":"status-publish","5":"product_cat-uncategorized","7":"first","8":"instock","9":"sale","10":"purchasable","11":"product-type-simple"},"_links":{"self":[{"href":"https:\/\/aramiso-test.verteco.app\/index.php?rest_route=\/wp\/v2\/product\/9309","targetHints":{"allow":["GET"]}}],"collection":[{"href":"https:\/\/aramiso-test.verteco.app\/index.php?rest_route=\/wp\/v2\/product"}],"about":[{"href":"https:\/\/aramiso-test.verteco.app\/index.php?rest_route=\/wp\/v2\/types\/product"}],"replies":[{"embeddable":true,"href":"https:\/\/aramiso-test.verteco.app\/index.php?rest_route=%2Fwp%2Fv2%2Fcomments&post=9309"}],"wp:attachment":[{"href":"https:\/\/aramiso-test.verteco.app\/index.php?rest_route=%2Fwp%2Fv2%2Fmedia&parent=9309"}],"wp:term":[{"taxonomy":"product_brand","embeddable":true,"href":"https:\/\/aramiso-test.verteco.app\/index.php?rest_route=%2Fwp%2Fv2%2Fproduct_brand&post=9309"},{"taxonomy":"product_cat","embeddable":true,"href":"https:\/\/aramiso-test.verteco.app\/index.php?rest_route=%2Fwp%2Fv2%2Fproduct_cat&post=9309"},{"taxonomy":"product_tag","embeddable":true,"href":"https:\/\/aramiso-test.verteco.app\/index.php?rest_route=%2Fwp%2Fv2%2Fproduct_tag&post=9309"}],"curies":[{"name":"wp","href":"https:\/\/api.w.org\/{rel}","templated":true}]}}