{"id":9292,"date":"2025-08-03T11:52:28","date_gmt":"2025-08-03T11:52:28","guid":{"rendered":"https:\/\/aramiso-test.verteco.app\/?product=tyc-s-gulickou-h150-b15-n12x12mm"},"modified":"2025-08-03T11:52:39","modified_gmt":"2025-08-03T11:52:39","slug":"tyc-s-gulickou-h150-b15-n12x12mm","status":"publish","type":"product","link":"https:\/\/aramiso-test.verteco.app\/?product=tyc-s-gulickou-h150-b15-n12x12mm","title":{"rendered":"Ty\u010d s guli\u010dkou h150, b15, n12x12mm"},"content":{"rendered":"<p>Ty\u010d (ozdobn\u00fd hrot) je vhodn\u00e1 na ukon\u010denie ty\u010d\u00ed, na zahustenie spodnej \u010dast br\u00e1ny, br\u00e1nky a oplotenia. Zabra\u0148uje prechodu zvierat.<\/p>\n","protected":false},"excerpt":{"rendered":"<p>Materi\u00e1l: Oce\u013e, Povrchov\u00e1 \u00faprava: Natural, Tvar prierezu: \u0160tvorcov\u00e1 ty\u010d, b: 15, D: 12&#215;12, h: 150<\/p>\n","protected":false},"featured_media":0,"comment_status":"closed","ping_status":"open","template":"","meta":[],"product_brand":[],"product_cat":[15],"product_tag":[],"class_list":{"0":"post-9292","1":"product","2":"type-product","3":"status-publish","5":"product_cat-uncategorized","7":"first","8":"onbackorder","9":"sale","10":"purchasable","11":"product-type-simple"},"_links":{"self":[{"href":"https:\/\/aramiso-test.verteco.app\/index.php?rest_route=\/wp\/v2\/product\/9292","targetHints":{"allow":["GET"]}}],"collection":[{"href":"https:\/\/aramiso-test.verteco.app\/index.php?rest_route=\/wp\/v2\/product"}],"about":[{"href":"https:\/\/aramiso-test.verteco.app\/index.php?rest_route=\/wp\/v2\/types\/product"}],"replies":[{"embeddable":true,"href":"https:\/\/aramiso-test.verteco.app\/index.php?rest_route=%2Fwp%2Fv2%2Fcomments&post=9292"}],"wp:attachment":[{"href":"https:\/\/aramiso-test.verteco.app\/index.php?rest_route=%2Fwp%2Fv2%2Fmedia&parent=9292"}],"wp:term":[{"taxonomy":"product_brand","embeddable":true,"href":"https:\/\/aramiso-test.verteco.app\/index.php?rest_route=%2Fwp%2Fv2%2Fproduct_brand&post=9292"},{"taxonomy":"product_cat","embeddable":true,"href":"https:\/\/aramiso-test.verteco.app\/index.php?rest_route=%2Fwp%2Fv2%2Fproduct_cat&post=9292"},{"taxonomy":"product_tag","embeddable":true,"href":"https:\/\/aramiso-test.verteco.app\/index.php?rest_route=%2Fwp%2Fv2%2Fproduct_tag&post=9292"}],"curies":[{"name":"wp","href":"https:\/\/api.w.org\/{rel}","templated":true}]}}