{"id":9274,"date":"2025-08-28T11:02:34","date_gmt":"2025-08-28T11:02:34","guid":{"rendered":"https:\/\/aramiso-test.verteco.app\/?product=klucka-so-stitkom-prava-bez-pu-h280-b150-b-3mm"},"modified":"2025-08-28T11:02:35","modified_gmt":"2025-08-28T11:02:35","slug":"klucka-so-stitkom-prava-bez-pu-h280-b150-b-3mm","status":"publish","type":"product","link":"https:\/\/aramiso-test.verteco.app\/?product=klucka-so-stitkom-prava-bez-pu-h280-b150-b-3mm","title":{"rendered":"K\u013e\u00fa\u010dka so \u0161t\u00edtkom prav\u00e1 bez P\u00da h280, b150, b 3mm"},"content":{"rendered":"","protected":false},"excerpt":{"rendered":"<p>Materi\u00e1l: Oce\u013e, Povrchov\u00e1 \u00faprava: Natural, Z\u00e1mkov\u00fd otvor: FAB, Osov\u00fd rozostup: 90mm<\/p>\n","protected":false},"featured_media":0,"comment_status":"closed","ping_status":"open","template":"","meta":[],"product_brand":[],"product_cat":[15],"product_tag":[],"class_list":{"0":"post-9274","1":"product","2":"type-product","3":"status-publish","5":"product_cat-uncategorized","7":"first","8":"instock","9":"sale","10":"purchasable","11":"product-type-simple"},"_links":{"self":[{"href":"https:\/\/aramiso-test.verteco.app\/index.php?rest_route=\/wp\/v2\/product\/9274","targetHints":{"allow":["GET"]}}],"collection":[{"href":"https:\/\/aramiso-test.verteco.app\/index.php?rest_route=\/wp\/v2\/product"}],"about":[{"href":"https:\/\/aramiso-test.verteco.app\/index.php?rest_route=\/wp\/v2\/types\/product"}],"replies":[{"embeddable":true,"href":"https:\/\/aramiso-test.verteco.app\/index.php?rest_route=%2Fwp%2Fv2%2Fcomments&post=9274"}],"wp:attachment":[{"href":"https:\/\/aramiso-test.verteco.app\/index.php?rest_route=%2Fwp%2Fv2%2Fmedia&parent=9274"}],"wp:term":[{"taxonomy":"product_brand","embeddable":true,"href":"https:\/\/aramiso-test.verteco.app\/index.php?rest_route=%2Fwp%2Fv2%2Fproduct_brand&post=9274"},{"taxonomy":"product_cat","embeddable":true,"href":"https:\/\/aramiso-test.verteco.app\/index.php?rest_route=%2Fwp%2Fv2%2Fproduct_cat&post=9274"},{"taxonomy":"product_tag","embeddable":true,"href":"https:\/\/aramiso-test.verteco.app\/index.php?rest_route=%2Fwp%2Fv2%2Fproduct_tag&post=9274"}],"curies":[{"name":"wp","href":"https:\/\/api.w.org\/{rel}","templated":true}]}}