{"id":9239,"date":"2025-10-26T12:18:45","date_gmt":"2025-10-26T12:18:45","guid":{"rendered":"https:\/\/aramiso-test.verteco.app\/?product=stitok-zamkovy-240x50-t3-d18-90mm"},"modified":"2025-10-26T12:18:45","modified_gmt":"2025-10-26T12:18:45","slug":"stitok-zamkovy-240x50-t3-d18-90mm","status":"publish","type":"product","link":"https:\/\/aramiso-test.verteco.app\/?product=stitok-zamkovy-240x50-t3-d18-90mm","title":{"rendered":"\u0160t\u00edtok z\u00e1mkov\u00fd 240&#215;50, t3, D18, 90mm"},"content":{"rendered":"","protected":false},"excerpt":{"rendered":"<p>Povrchov\u00e1 \u00faprava: Zinok, Osov\u00fd rozostup: 90mm, s: 213, A: 50, F: 240, D: 18, d: 6<\/p>\n","protected":false},"featured_media":0,"comment_status":"closed","ping_status":"open","template":"","meta":[],"product_brand":[],"product_cat":[15],"product_tag":[],"class_list":{"0":"post-9239","1":"product","2":"type-product","3":"status-publish","5":"product_cat-uncategorized","7":"first","8":"instock","9":"sale","10":"purchasable","11":"product-type-simple"},"_links":{"self":[{"href":"https:\/\/aramiso-test.verteco.app\/index.php?rest_route=\/wp\/v2\/product\/9239","targetHints":{"allow":["GET"]}}],"collection":[{"href":"https:\/\/aramiso-test.verteco.app\/index.php?rest_route=\/wp\/v2\/product"}],"about":[{"href":"https:\/\/aramiso-test.verteco.app\/index.php?rest_route=\/wp\/v2\/types\/product"}],"replies":[{"embeddable":true,"href":"https:\/\/aramiso-test.verteco.app\/index.php?rest_route=%2Fwp%2Fv2%2Fcomments&post=9239"}],"wp:attachment":[{"href":"https:\/\/aramiso-test.verteco.app\/index.php?rest_route=%2Fwp%2Fv2%2Fmedia&parent=9239"}],"wp:term":[{"taxonomy":"product_brand","embeddable":true,"href":"https:\/\/aramiso-test.verteco.app\/index.php?rest_route=%2Fwp%2Fv2%2Fproduct_brand&post=9239"},{"taxonomy":"product_cat","embeddable":true,"href":"https:\/\/aramiso-test.verteco.app\/index.php?rest_route=%2Fwp%2Fv2%2Fproduct_cat&post=9239"},{"taxonomy":"product_tag","embeddable":true,"href":"https:\/\/aramiso-test.verteco.app\/index.php?rest_route=%2Fwp%2Fv2%2Fproduct_tag&post=9239"}],"curies":[{"name":"wp","href":"https:\/\/api.w.org\/{rel}","templated":true}]}}