{"id":9196,"date":"2025-10-26T12:18:33","date_gmt":"2025-10-26T12:18:33","guid":{"rendered":"https:\/\/aramiso-test.verteco.app\/?product=posuv-drziak-vodiacej-tyce-sklo-aisi304-d25mm"},"modified":"2025-10-26T12:18:36","modified_gmt":"2025-10-26T12:18:36","slug":"posuv-drziak-vodiacej-tyce-sklo-aisi304-d25mm","status":"publish","type":"product","link":"https:\/\/aramiso-test.verteco.app\/?product=posuv-drziak-vodiacej-tyce-sklo-aisi304-d25mm","title":{"rendered":"Posuv &#8211; dr\u017eiak vodiacej ty\u010de &#8211; sklo AISI304, D25mm"},"content":{"rendered":"<p>1x dr\u017eiak na vodiacu ty\u010d D25mm pre osadenie na pevn\u00fa sklenen\u00fa tabu\u013eu hr\u00fabky 8-10mm, mont\u00e1\u017eny otvor fi 26mm, maxim\u00e1lny rozostup 600mm, nerez br\u00fasen\u00e1,<\/p>\n","protected":false},"excerpt":{"rendered":"<p>Materi\u00e1l: Nerez AISI 304, Povrchov\u00e1 \u00faprava: Brus, Glass t: 8-10, Phi: 25<\/p>\n","protected":false},"featured_media":0,"comment_status":"closed","ping_status":"open","template":"","meta":[],"product_brand":[],"product_cat":[15],"product_tag":[],"class_list":{"0":"post-9196","1":"product","2":"type-product","3":"status-publish","5":"product_cat-uncategorized","7":"first","8":"onbackorder","9":"sale","10":"purchasable","11":"product-type-simple"},"_links":{"self":[{"href":"https:\/\/aramiso-test.verteco.app\/index.php?rest_route=\/wp\/v2\/product\/9196","targetHints":{"allow":["GET"]}}],"collection":[{"href":"https:\/\/aramiso-test.verteco.app\/index.php?rest_route=\/wp\/v2\/product"}],"about":[{"href":"https:\/\/aramiso-test.verteco.app\/index.php?rest_route=\/wp\/v2\/types\/product"}],"replies":[{"embeddable":true,"href":"https:\/\/aramiso-test.verteco.app\/index.php?rest_route=%2Fwp%2Fv2%2Fcomments&post=9196"}],"wp:attachment":[{"href":"https:\/\/aramiso-test.verteco.app\/index.php?rest_route=%2Fwp%2Fv2%2Fmedia&parent=9196"}],"wp:term":[{"taxonomy":"product_brand","embeddable":true,"href":"https:\/\/aramiso-test.verteco.app\/index.php?rest_route=%2Fwp%2Fv2%2Fproduct_brand&post=9196"},{"taxonomy":"product_cat","embeddable":true,"href":"https:\/\/aramiso-test.verteco.app\/index.php?rest_route=%2Fwp%2Fv2%2Fproduct_cat&post=9196"},{"taxonomy":"product_tag","embeddable":true,"href":"https:\/\/aramiso-test.verteco.app\/index.php?rest_route=%2Fwp%2Fv2%2Fproduct_tag&post=9196"}],"curies":[{"name":"wp","href":"https:\/\/api.w.org\/{rel}","templated":true}]}}