{"id":9180,"date":"2025-10-26T12:18:33","date_gmt":"2025-10-26T12:18:33","guid":{"rendered":"https:\/\/aramiso-test.verteco.app\/?product=kovanie-pre-posuvne-drevene-dvere-tyc-inox"},"modified":"2025-10-26T12:18:34","modified_gmt":"2025-10-26T12:18:34","slug":"kovanie-pre-posuvne-drevene-dvere-tyc-inox","status":"publish","type":"product","link":"https:\/\/aramiso-test.verteco.app\/?product=kovanie-pre-posuvne-drevene-dvere-tyc-inox","title":{"rendered":"Kovanie pre posuvn\u00e9 dreven\u00e9 dvere &#8211; ty\u010d INOX"},"content":{"rendered":"<p>Kompletn\u00e1 sada pre posuvn\u00e9 dvere dreven\u00e9, m\u00e4kk\u00fd doraz, AISI 304, nosnos\u0165 90 kg. Sada obsahuje 2xvoz\u00edk,2xz\u00e1slepka,4xdr\u017eiak ty\u010de,2xdoraz.<\/p>\n","protected":false},"excerpt":{"rendered":"<p>Materi\u00e1l: Nerez AISI 304, Povrchov\u00e1 \u00faprava: Brus, Otvor v skle: \u00c1no<\/p>\n","protected":false},"featured_media":0,"comment_status":"closed","ping_status":"open","template":"","meta":[],"product_brand":[],"product_cat":[15],"product_tag":[],"class_list":{"0":"post-9180","1":"product","2":"type-product","3":"status-publish","5":"product_cat-uncategorized","7":"first","8":"instock","9":"sale","10":"purchasable","11":"product-type-simple"},"_links":{"self":[{"href":"https:\/\/aramiso-test.verteco.app\/index.php?rest_route=\/wp\/v2\/product\/9180","targetHints":{"allow":["GET"]}}],"collection":[{"href":"https:\/\/aramiso-test.verteco.app\/index.php?rest_route=\/wp\/v2\/product"}],"about":[{"href":"https:\/\/aramiso-test.verteco.app\/index.php?rest_route=\/wp\/v2\/types\/product"}],"replies":[{"embeddable":true,"href":"https:\/\/aramiso-test.verteco.app\/index.php?rest_route=%2Fwp%2Fv2%2Fcomments&post=9180"}],"wp:attachment":[{"href":"https:\/\/aramiso-test.verteco.app\/index.php?rest_route=%2Fwp%2Fv2%2Fmedia&parent=9180"}],"wp:term":[{"taxonomy":"product_brand","embeddable":true,"href":"https:\/\/aramiso-test.verteco.app\/index.php?rest_route=%2Fwp%2Fv2%2Fproduct_brand&post=9180"},{"taxonomy":"product_cat","embeddable":true,"href":"https:\/\/aramiso-test.verteco.app\/index.php?rest_route=%2Fwp%2Fv2%2Fproduct_cat&post=9180"},{"taxonomy":"product_tag","embeddable":true,"href":"https:\/\/aramiso-test.verteco.app\/index.php?rest_route=%2Fwp%2Fv2%2Fproduct_tag&post=9180"}],"curies":[{"name":"wp","href":"https:\/\/api.w.org\/{rel}","templated":true}]}}