{"id":9169,"date":"2025-10-26T12:18:28","date_gmt":"2025-10-26T12:18:28","guid":{"rendered":"https:\/\/aramiso-test.verteco.app\/?product=doraz-gumeny-maly-h9-d11mm"},"modified":"2025-10-26T12:18:32","modified_gmt":"2025-10-26T12:18:32","slug":"doraz-gumeny-maly-h9-d11mm","status":"publish","type":"product","link":"https:\/\/aramiso-test.verteco.app\/?product=doraz-gumeny-maly-h9-d11mm","title":{"rendered":"Doraz gumen\u00fd, mal\u00fd, h9, D11mm"},"content":{"rendered":"<p>Doraz gumen\u00fd o 11mm, H-9mm, pre dieru o 6mm<\/p>\n","protected":false},"excerpt":{"rendered":"<p>Materi\u00e1l: Guma<\/p>\n","protected":false},"featured_media":0,"comment_status":"closed","ping_status":"open","template":"","meta":[],"product_brand":[],"product_cat":[15],"product_tag":[],"class_list":{"0":"post-9169","1":"product","2":"type-product","3":"status-publish","5":"product_cat-uncategorized","7":"first","8":"onbackorder","9":"sale","10":"purchasable","11":"product-type-simple"},"_links":{"self":[{"href":"https:\/\/aramiso-test.verteco.app\/index.php?rest_route=\/wp\/v2\/product\/9169","targetHints":{"allow":["GET"]}}],"collection":[{"href":"https:\/\/aramiso-test.verteco.app\/index.php?rest_route=\/wp\/v2\/product"}],"about":[{"href":"https:\/\/aramiso-test.verteco.app\/index.php?rest_route=\/wp\/v2\/types\/product"}],"replies":[{"embeddable":true,"href":"https:\/\/aramiso-test.verteco.app\/index.php?rest_route=%2Fwp%2Fv2%2Fcomments&post=9169"}],"wp:attachment":[{"href":"https:\/\/aramiso-test.verteco.app\/index.php?rest_route=%2Fwp%2Fv2%2Fmedia&parent=9169"}],"wp:term":[{"taxonomy":"product_brand","embeddable":true,"href":"https:\/\/aramiso-test.verteco.app\/index.php?rest_route=%2Fwp%2Fv2%2Fproduct_brand&post=9169"},{"taxonomy":"product_cat","embeddable":true,"href":"https:\/\/aramiso-test.verteco.app\/index.php?rest_route=%2Fwp%2Fv2%2Fproduct_cat&post=9169"},{"taxonomy":"product_tag","embeddable":true,"href":"https:\/\/aramiso-test.verteco.app\/index.php?rest_route=%2Fwp%2Fv2%2Fproduct_tag&post=9169"}],"curies":[{"name":"wp","href":"https:\/\/api.w.org\/{rel}","templated":true}]}}