{"id":9145,"date":"2025-10-26T12:18:23","date_gmt":"2025-10-26T12:18:23","guid":{"rendered":"https:\/\/aramiso-test.verteco.app\/?product=zamok-pre-posuvne-brany-s-protikusom-130x34mm"},"modified":"2025-10-26T12:18:25","modified_gmt":"2025-10-26T12:18:25","slug":"zamok-pre-posuvne-brany-s-protikusom","status":"publish","type":"product","link":"https:\/\/aramiso-test.verteco.app\/?product=zamok-pre-posuvne-brany-s-protikusom","title":{"rendered":"Z\u00e1mok pre posuvn\u00e9 br\u00e1ny s protikusom"},"content":{"rendered":"<p>H\u00e1kov\u00fd z\u00e1mok je ur\u010den\u00fd pre vjazdov\u00e9 br\u00e1ny ako aj posuvn\u00e9 vchodov\u00e9 dvere. V\u010faka svojim parametrom je mo\u017en\u00e9 z\u00e1mok montova\u0165 do profilov u\u017e od 35x20mm.<br \/>\nPovrchov\u00e1 \u00faprava: biely zinok<\/p>\n","protected":false},"excerpt":{"rendered":"<p>Materi\u00e1l: Oce\u013e, Povrchov\u00e1 \u00faprava: Zinok, Zna\u010dka: Umakov<\/p>\n","protected":false},"featured_media":0,"comment_status":"closed","ping_status":"open","template":"","meta":[],"product_brand":[],"product_cat":[15],"product_tag":[],"class_list":{"0":"post-9145","1":"product","2":"type-product","3":"status-publish","5":"product_cat-uncategorized","7":"first","8":"onbackorder","9":"sale","10":"purchasable","11":"product-type-simple"},"_links":{"self":[{"href":"https:\/\/aramiso-test.verteco.app\/index.php?rest_route=\/wp\/v2\/product\/9145","targetHints":{"allow":["GET"]}}],"collection":[{"href":"https:\/\/aramiso-test.verteco.app\/index.php?rest_route=\/wp\/v2\/product"}],"about":[{"href":"https:\/\/aramiso-test.verteco.app\/index.php?rest_route=\/wp\/v2\/types\/product"}],"replies":[{"embeddable":true,"href":"https:\/\/aramiso-test.verteco.app\/index.php?rest_route=%2Fwp%2Fv2%2Fcomments&post=9145"}],"wp:attachment":[{"href":"https:\/\/aramiso-test.verteco.app\/index.php?rest_route=%2Fwp%2Fv2%2Fmedia&parent=9145"}],"wp:term":[{"taxonomy":"product_brand","embeddable":true,"href":"https:\/\/aramiso-test.verteco.app\/index.php?rest_route=%2Fwp%2Fv2%2Fproduct_brand&post=9145"},{"taxonomy":"product_cat","embeddable":true,"href":"https:\/\/aramiso-test.verteco.app\/index.php?rest_route=%2Fwp%2Fv2%2Fproduct_cat&post=9145"},{"taxonomy":"product_tag","embeddable":true,"href":"https:\/\/aramiso-test.verteco.app\/index.php?rest_route=%2Fwp%2Fv2%2Fproduct_tag&post=9145"}],"curies":[{"name":"wp","href":"https:\/\/api.w.org\/{rel}","templated":true}]}}