{"id":9127,"date":"2025-10-26T12:18:15","date_gmt":"2025-10-26T12:18:15","guid":{"rendered":"https:\/\/aramiso-test.verteco.app\/?product=zamok-pre-cylin-vlozku-do-jp-profilu-60x40mm"},"modified":"2025-10-26T12:18:20","modified_gmt":"2025-10-26T12:18:20","slug":"zamok-pre-cylin-vlozku-do-jp-profilu-60x40mm","status":"publish","type":"product","link":"https:\/\/aramiso-test.verteco.app\/?product=zamok-pre-cylin-vlozku-do-jp-profilu-60x40mm","title":{"rendered":"Z\u00e1mok pre cylin.vlo\u017eku do JP profilu 60x40mm"},"content":{"rendered":"<p>Z\u00e1mok je mo\u017en\u00e9 zmeni\u0165 na \u013eav\u00fd alebo prav\u00fd tak, \u017ee strelku zatla\u010d\u00edme do vn\u00fatra z\u00e1mku, vyskrutkujeme skrutku zo strelky, vytiahneme strelku z tiahla, oto\u010d\u00edme strelku o 180\u00b0 a priskrutkujeme ju.<br \/>\nPozor! Skrutku pevne dotiahn\u00fa\u0165.<br \/>\nZ\u00e1mok nieje ur\u010den\u00fd pre po\u017eiarn\u00e9 \/ dymotesn\u00e9 dvere k \u00fanikov\u00fdm cest\u00e1m. <\/p>\n","protected":false},"excerpt":{"rendered":"<p>Materi\u00e1l: Oce\u013e, Povrchov\u00e1 \u00faprava: Zinok, Osov\u00fd rozostup: 90mm<\/p>\n","protected":false},"featured_media":0,"comment_status":"closed","ping_status":"open","template":"","meta":[],"product_brand":[],"product_cat":[15],"product_tag":[],"class_list":{"0":"post-9127","1":"product","2":"type-product","3":"status-publish","5":"product_cat-uncategorized","7":"first","8":"onbackorder","9":"sale","10":"purchasable","11":"product-type-simple"},"_links":{"self":[{"href":"https:\/\/aramiso-test.verteco.app\/index.php?rest_route=\/wp\/v2\/product\/9127","targetHints":{"allow":["GET"]}}],"collection":[{"href":"https:\/\/aramiso-test.verteco.app\/index.php?rest_route=\/wp\/v2\/product"}],"about":[{"href":"https:\/\/aramiso-test.verteco.app\/index.php?rest_route=\/wp\/v2\/types\/product"}],"replies":[{"embeddable":true,"href":"https:\/\/aramiso-test.verteco.app\/index.php?rest_route=%2Fwp%2Fv2%2Fcomments&post=9127"}],"wp:attachment":[{"href":"https:\/\/aramiso-test.verteco.app\/index.php?rest_route=%2Fwp%2Fv2%2Fmedia&parent=9127"}],"wp:term":[{"taxonomy":"product_brand","embeddable":true,"href":"https:\/\/aramiso-test.verteco.app\/index.php?rest_route=%2Fwp%2Fv2%2Fproduct_brand&post=9127"},{"taxonomy":"product_cat","embeddable":true,"href":"https:\/\/aramiso-test.verteco.app\/index.php?rest_route=%2Fwp%2Fv2%2Fproduct_cat&post=9127"},{"taxonomy":"product_tag","embeddable":true,"href":"https:\/\/aramiso-test.verteco.app\/index.php?rest_route=%2Fwp%2Fv2%2Fproduct_tag&post=9127"}],"curies":[{"name":"wp","href":"https:\/\/api.w.org\/{rel}","templated":true}]}}