{"id":9121,"date":"2025-08-03T11:48:56","date_gmt":"2025-08-03T11:48:56","guid":{"rendered":"https:\/\/aramiso-test.verteco.app\/?product=zamok-pre-cylin-vlozku-do-jp-profilu-40x40mm"},"modified":"2025-08-03T11:49:01","modified_gmt":"2025-08-03T11:49:01","slug":"zamok-pre-cylin-vlozku-do-jp-profilu-40x40mm","status":"publish","type":"product","link":"https:\/\/aramiso-test.verteco.app\/?product=zamok-pre-cylin-vlozku-do-jp-profilu-40x40mm","title":{"rendered":"Z\u00e1mok pre cylin.vlo\u017eku do JP profilu 40x40mm"},"content":{"rendered":"<p>Z\u00e1mka profilov\u00fd pre cylindrick\u00fa vlo\u017eku. Dorm 25,5mm, rozte\u010d 82mm, univerz\u00e1lny pre prav\u00e9 a \u013eav\u00e9 dvere s prevodom. Pre JP min 40mm.  Povrchov\u00e1 \u00faprava &#8211; zinok. Diera na k\u013eu\u010dku 9x9mm. Pre zmenu z pravej na \u013eav\u00fa verziu a opa\u010dne je potrebn\u00e9 rozobra\u0165 z\u00e1mku.<\/p>\n","protected":false},"excerpt":{"rendered":"<p>Materi\u00e1l: Oce\u013e, Povrchov\u00e1 \u00faprava: Zinok, Osov\u00fd rozostup: 82mm<\/p>\n","protected":false},"featured_media":0,"comment_status":"closed","ping_status":"open","template":"","meta":[],"product_brand":[],"product_cat":[15],"product_tag":[],"class_list":{"0":"post-9121","1":"product","2":"type-product","3":"status-publish","5":"product_cat-uncategorized","7":"first","8":"onbackorder","9":"sale","10":"purchasable","11":"product-type-simple"},"_links":{"self":[{"href":"https:\/\/aramiso-test.verteco.app\/index.php?rest_route=\/wp\/v2\/product\/9121","targetHints":{"allow":["GET"]}}],"collection":[{"href":"https:\/\/aramiso-test.verteco.app\/index.php?rest_route=\/wp\/v2\/product"}],"about":[{"href":"https:\/\/aramiso-test.verteco.app\/index.php?rest_route=\/wp\/v2\/types\/product"}],"replies":[{"embeddable":true,"href":"https:\/\/aramiso-test.verteco.app\/index.php?rest_route=%2Fwp%2Fv2%2Fcomments&post=9121"}],"wp:attachment":[{"href":"https:\/\/aramiso-test.verteco.app\/index.php?rest_route=%2Fwp%2Fv2%2Fmedia&parent=9121"}],"wp:term":[{"taxonomy":"product_brand","embeddable":true,"href":"https:\/\/aramiso-test.verteco.app\/index.php?rest_route=%2Fwp%2Fv2%2Fproduct_brand&post=9121"},{"taxonomy":"product_cat","embeddable":true,"href":"https:\/\/aramiso-test.verteco.app\/index.php?rest_route=%2Fwp%2Fv2%2Fproduct_cat&post=9121"},{"taxonomy":"product_tag","embeddable":true,"href":"https:\/\/aramiso-test.verteco.app\/index.php?rest_route=%2Fwp%2Fv2%2Fproduct_tag&post=9121"}],"curies":[{"name":"wp","href":"https:\/\/api.w.org\/{rel}","templated":true}]}}