{"id":9115,"date":"2025-08-25T11:10:49","date_gmt":"2025-08-25T11:10:49","guid":{"rendered":"https:\/\/aramiso-test.verteco.app\/?product=zamkova-krabica-so-zamkom-bez-klucky-60x40x1500"},"modified":"2025-08-25T11:10:53","modified_gmt":"2025-08-25T11:10:53","slug":"zamkova-krabica-so-zamkom-bez-klucky-60x40x1500","status":"publish","type":"product","link":"https:\/\/aramiso-test.verteco.app\/?product=zamkova-krabica-so-zamkom-bez-klucky-60x40x1500","title":{"rendered":"Z\u00e1mkov\u00e1 krabica so z\u00e1mkom, bez k\u013eu\u010dky, 60x40x1500"},"content":{"rendered":"<p>T\u00e1to z\u00e1mkov\u00e1 krabica so z\u00e1mkom (bez k\u013eu\u010dky) s rozmermi 60x40x1520 mm sa pou\u017e\u00edva na uzamykanie br\u00e1n, br\u00e1nok alebo dver\u00ed, najm\u00e4 pri kovov\u00fdch kon\u0161trukci\u00e1ch. Je to oce\u013eov\u00fd profil, ktor\u00fd obsahuje zabudovan\u00fd z\u00e1mok a sl\u00fa\u017ei ako nosn\u00fd prvok br\u00e1ny \u010di br\u00e1nky. Do otvorov sa d\u00e1 pripevni\u0165 k\u013eu\u010dka alebo in\u00e9 uzamykacie mechanizmy pod\u013ea potreby. Hr\u00fabka z\u00e1mkovej krabice je 1,5mm<\/p>\n","protected":false},"excerpt":{"rendered":"<p>Materi\u00e1l: Oce\u013e, Povrchov\u00e1 \u00faprava: Natural, L: 1520, A: 60, C: 72, B: 34<\/p>\n","protected":false},"featured_media":0,"comment_status":"closed","ping_status":"open","template":"","meta":[],"product_brand":[],"product_cat":[15],"product_tag":[],"class_list":{"0":"post-9115","1":"product","2":"type-product","3":"status-publish","5":"product_cat-uncategorized","7":"first","8":"onbackorder","9":"sale","10":"purchasable","11":"product-type-simple"},"_links":{"self":[{"href":"https:\/\/aramiso-test.verteco.app\/index.php?rest_route=\/wp\/v2\/product\/9115","targetHints":{"allow":["GET"]}}],"collection":[{"href":"https:\/\/aramiso-test.verteco.app\/index.php?rest_route=\/wp\/v2\/product"}],"about":[{"href":"https:\/\/aramiso-test.verteco.app\/index.php?rest_route=\/wp\/v2\/types\/product"}],"replies":[{"embeddable":true,"href":"https:\/\/aramiso-test.verteco.app\/index.php?rest_route=%2Fwp%2Fv2%2Fcomments&post=9115"}],"wp:attachment":[{"href":"https:\/\/aramiso-test.verteco.app\/index.php?rest_route=%2Fwp%2Fv2%2Fmedia&parent=9115"}],"wp:term":[{"taxonomy":"product_brand","embeddable":true,"href":"https:\/\/aramiso-test.verteco.app\/index.php?rest_route=%2Fwp%2Fv2%2Fproduct_brand&post=9115"},{"taxonomy":"product_cat","embeddable":true,"href":"https:\/\/aramiso-test.verteco.app\/index.php?rest_route=%2Fwp%2Fv2%2Fproduct_cat&post=9115"},{"taxonomy":"product_tag","embeddable":true,"href":"https:\/\/aramiso-test.verteco.app\/index.php?rest_route=%2Fwp%2Fv2%2Fproduct_tag&post=9115"}],"curies":[{"name":"wp","href":"https:\/\/api.w.org\/{rel}","templated":true}]}}