{"id":9097,"date":"2025-10-26T12:18:02","date_gmt":"2025-10-26T12:18:02","guid":{"rendered":"https:\/\/aramiso-test.verteco.app\/?product=pruzinovy-samozatvarac-dveri-inox"},"modified":"2025-10-26T12:18:03","modified_gmt":"2025-10-26T12:18:03","slug":"pruzinovy-samozatvarac-dveri-inox","status":"publish","type":"product","link":"https:\/\/aramiso-test.verteco.app\/?product=pruzinovy-samozatvarac-dveri-inox","title":{"rendered":"Pru\u017einov\u00fd samozatv\u00e1ra\u010d dver\u00ed, INOX"},"content":{"rendered":"<p>Tento model pru\u017einov\u00e9ho samozatvara\u010da dver\u00ed je cel\u00fd vyroben\u00fd z nerezovej ocele a v\u010faka svojim rozmerom \u0161peci\u00e1lne navrhnut\u00fd pre hlin\u00edkov\u00e9, dreven\u00e9 aj oce\u013eov\u00e9 dvere.<br \/>\nTento produkt umo\u017e\u0148uje otv\u00e1ranie kr\u00eddel dver\u00ed iba jedn\u00fdm smerom: dovn\u00fatra alebo von. Zabezpe\u010duj\u00fa tie\u017e zatvorenie dver\u00ed po prechode, aby sa zjednodu\u0161il prechod os\u00f4b alebo materi\u00e1lu.<br \/>\nNa tomto samozatv\u00e1ra\u010di dver\u00ed je mo\u017en\u00e9 regulova\u0165 silu zatv\u00e1rania ovl\u00e1dan\u00edm nap\u00ednania vn\u00fatornej pru\u017einy, ako je uveden\u00e9 v na\u0161ich pokynoch k produktu.<br \/>\nPre z\u00edskanie e\u0161te v\u00e4\u010d\u0161ej pevnosti pri uzatv\u00e1ran\u00ed je mo\u017en\u00e9 pou\u017ei\u0165 viac ako jeden kus tohto produktu.<br \/>\nVhodn\u00fd do exteri\u00e9ru<\/p>\n","protected":false},"excerpt":{"rendered":"<p>Materi\u00e1l: Nerez AISI 304, Povrchov\u00e1 \u00faprava: Natural, Hmotnos\u0165 br\u00e1ny Gmax\/Goptimal (kg): 60, Pou\u017eitie: Exteri\u00e9r<\/p>\n","protected":false},"featured_media":0,"comment_status":"closed","ping_status":"open","template":"","meta":[],"product_brand":[],"product_cat":[15],"product_tag":[],"class_list":{"0":"post-9097","1":"product","2":"type-product","3":"status-publish","5":"product_cat-uncategorized","7":"first","8":"instock","9":"sale","10":"purchasable","11":"product-type-simple"},"_links":{"self":[{"href":"https:\/\/aramiso-test.verteco.app\/index.php?rest_route=\/wp\/v2\/product\/9097","targetHints":{"allow":["GET"]}}],"collection":[{"href":"https:\/\/aramiso-test.verteco.app\/index.php?rest_route=\/wp\/v2\/product"}],"about":[{"href":"https:\/\/aramiso-test.verteco.app\/index.php?rest_route=\/wp\/v2\/types\/product"}],"replies":[{"embeddable":true,"href":"https:\/\/aramiso-test.verteco.app\/index.php?rest_route=%2Fwp%2Fv2%2Fcomments&post=9097"}],"wp:attachment":[{"href":"https:\/\/aramiso-test.verteco.app\/index.php?rest_route=%2Fwp%2Fv2%2Fmedia&parent=9097"}],"wp:term":[{"taxonomy":"product_brand","embeddable":true,"href":"https:\/\/aramiso-test.verteco.app\/index.php?rest_route=%2Fwp%2Fv2%2Fproduct_brand&post=9097"},{"taxonomy":"product_cat","embeddable":true,"href":"https:\/\/aramiso-test.verteco.app\/index.php?rest_route=%2Fwp%2Fv2%2Fproduct_cat&post=9097"},{"taxonomy":"product_tag","embeddable":true,"href":"https:\/\/aramiso-test.verteco.app\/index.php?rest_route=%2Fwp%2Fv2%2Fproduct_tag&post=9097"}],"curies":[{"name":"wp","href":"https:\/\/api.w.org\/{rel}","templated":true}]}}