{"id":9085,"date":"2025-08-03T11:48:29","date_gmt":"2025-08-03T11:48:29","guid":{"rendered":"https:\/\/aramiso-test.verteco.app\/?product=zaves-pruzinovy-obojstranny-brass-l100mm"},"modified":"2025-08-03T11:48:36","modified_gmt":"2025-08-03T11:48:36","slug":"zaves-pruzinovy-obojstranny-brass-l100mm","status":"publish","type":"product","link":"https:\/\/aramiso-test.verteco.app\/?product=zaves-pruzinovy-obojstranny-brass-l100mm","title":{"rendered":"Z\u00e1ves pru\u017einov\u00fd obojstrann\u00fd, Brass, L=100mm"},"content":{"rendered":"<p>Samozatv\u00e1rac\u00ed pru\u017einov\u00fd z\u00e1ves, obojstrann\u00fd, povrchov\u00e1 \u00faprava &#8211; mosadz, v\u00fd\u0161ka 100mm. Mo\u017enos\u0165 nastavenia sily. Ur\u010den\u00e9 do interi\u00e9ru.<br \/>\nOdpor\u00fa\u010danie pri 2-kusoch z\u00e1vesov: Hrub\u00e1 dver\u00ed 25 -30 mm, \u0161\u00edrka dver\u00ed do 700mm , v\u00e1ha dver\u00ed do 22kg.<\/p>\n","protected":false},"excerpt":{"rendered":"<p>Materi\u00e1l: Oce\u013e, Povrchov\u00e1 \u00faprava: Mosadz, Hmotnos\u0165 br\u00e1ny Gmax\/Goptimal (kg): 22, D: 21, d: 5,5, H: 122, h: 100, h1: 78, h2: 45, k: 8,5, s: 10<\/p>\n","protected":false},"featured_media":0,"comment_status":"closed","ping_status":"open","template":"","meta":[],"product_brand":[],"product_cat":[15],"product_tag":[],"class_list":{"0":"post-9085","1":"product","2":"type-product","3":"status-publish","5":"product_cat-uncategorized","7":"first","8":"onbackorder","9":"sale","10":"purchasable","11":"product-type-simple"},"_links":{"self":[{"href":"https:\/\/aramiso-test.verteco.app\/index.php?rest_route=\/wp\/v2\/product\/9085","targetHints":{"allow":["GET"]}}],"collection":[{"href":"https:\/\/aramiso-test.verteco.app\/index.php?rest_route=\/wp\/v2\/product"}],"about":[{"href":"https:\/\/aramiso-test.verteco.app\/index.php?rest_route=\/wp\/v2\/types\/product"}],"replies":[{"embeddable":true,"href":"https:\/\/aramiso-test.verteco.app\/index.php?rest_route=%2Fwp%2Fv2%2Fcomments&post=9085"}],"wp:attachment":[{"href":"https:\/\/aramiso-test.verteco.app\/index.php?rest_route=%2Fwp%2Fv2%2Fmedia&parent=9085"}],"wp:term":[{"taxonomy":"product_brand","embeddable":true,"href":"https:\/\/aramiso-test.verteco.app\/index.php?rest_route=%2Fwp%2Fv2%2Fproduct_brand&post=9085"},{"taxonomy":"product_cat","embeddable":true,"href":"https:\/\/aramiso-test.verteco.app\/index.php?rest_route=%2Fwp%2Fv2%2Fproduct_cat&post=9085"},{"taxonomy":"product_tag","embeddable":true,"href":"https:\/\/aramiso-test.verteco.app\/index.php?rest_route=%2Fwp%2Fv2%2Fproduct_tag&post=9085"}],"curies":[{"name":"wp","href":"https:\/\/api.w.org\/{rel}","templated":true}]}}