{"id":9080,"date":"2025-08-03T11:48:29","date_gmt":"2025-08-03T11:48:29","guid":{"rendered":"https:\/\/aramiso-test.verteco.app\/?product=zaves-pruzinovy-obojstranny-nickel-l75mm"},"modified":"2025-08-03T11:48:33","modified_gmt":"2025-08-03T11:48:33","slug":"zaves-pruzinovy-obojstranny-nickel-l75mm","status":"publish","type":"product","link":"https:\/\/aramiso-test.verteco.app\/?product=zaves-pruzinovy-obojstranny-nickel-l75mm","title":{"rendered":"Z\u00e1ves pru\u017einov\u00fd obojstrann\u00fd, Nickel, L=75mm"},"content":{"rendered":"<p>Samozatv\u00e1rac\u00ed pru\u017einov\u00fd z\u00e1ves, obojstrann\u00fd, povrchov\u00e1 \u00faprav\u00e1 &#8211; nikel, v\u00fd\u0161ka 75mm. Mo\u017enos\u0165 nastavenia sily. Ur\u010den\u00e9 do interi\u00e9ru.<br \/>\nOdpor\u00fa\u010danie pri 2-kusoch z\u00e1vesov: Hrub\u00e1 dver\u00ed 18 &#8211; 25mm, \u0161\u00edrka dver\u00ed do 600mm , v\u00e1ha dver\u00ed do 15kg<\/p>\n","protected":false},"excerpt":{"rendered":"<p>Materi\u00e1l: Oce\u013e, Povrchov\u00e1 \u00faprava: Nikel, Hmotnos\u0165 br\u00e1ny Gmax\/Goptimal (kg): 15, D: 21, d: 4,5, H: 98, h: 75, h1: 54, h2: 21, k: 8,5, s: 5,5<\/p>\n","protected":false},"featured_media":0,"comment_status":"closed","ping_status":"open","template":"","meta":[],"product_brand":[],"product_cat":[15],"product_tag":[],"class_list":{"0":"post-9080","1":"product","2":"type-product","3":"status-publish","5":"product_cat-uncategorized","7":"first","8":"onbackorder","9":"sale","10":"purchasable","11":"product-type-simple"},"_links":{"self":[{"href":"https:\/\/aramiso-test.verteco.app\/index.php?rest_route=\/wp\/v2\/product\/9080","targetHints":{"allow":["GET"]}}],"collection":[{"href":"https:\/\/aramiso-test.verteco.app\/index.php?rest_route=\/wp\/v2\/product"}],"about":[{"href":"https:\/\/aramiso-test.verteco.app\/index.php?rest_route=\/wp\/v2\/types\/product"}],"replies":[{"embeddable":true,"href":"https:\/\/aramiso-test.verteco.app\/index.php?rest_route=%2Fwp%2Fv2%2Fcomments&post=9080"}],"wp:attachment":[{"href":"https:\/\/aramiso-test.verteco.app\/index.php?rest_route=%2Fwp%2Fv2%2Fmedia&parent=9080"}],"wp:term":[{"taxonomy":"product_brand","embeddable":true,"href":"https:\/\/aramiso-test.verteco.app\/index.php?rest_route=%2Fwp%2Fv2%2Fproduct_brand&post=9080"},{"taxonomy":"product_cat","embeddable":true,"href":"https:\/\/aramiso-test.verteco.app\/index.php?rest_route=%2Fwp%2Fv2%2Fproduct_cat&post=9080"},{"taxonomy":"product_tag","embeddable":true,"href":"https:\/\/aramiso-test.verteco.app\/index.php?rest_route=%2Fwp%2Fv2%2Fproduct_tag&post=9080"}],"curies":[{"name":"wp","href":"https:\/\/api.w.org\/{rel}","templated":true}]}}