{"id":9028,"date":"2025-08-03T11:46:58","date_gmt":"2025-08-03T11:46:58","guid":{"rendered":"https:\/\/aramiso-test.verteco.app\/?product=zaves-nastavitelny-dlhy-zn-m16"},"modified":"2025-08-03T11:47:09","modified_gmt":"2025-08-03T11:47:09","slug":"zaves-nastavitelny-dlhy-zn-m16","status":"publish","type":"product","link":"https:\/\/aramiso-test.verteco.app\/?product=zaves-nastavitelny-dlhy-zn-m16","title":{"rendered":"Z\u00e1ves nastavite\u013en\u00fd dlh\u00fd Zn, M16"},"content":{"rendered":"<p>Nastavite\u013en\u00fd z\u00e1ves dlh\u00fd, z\u00e1vit M16, pozinkovan\u00fd, \u010dasti na privarenie bez povrchovej \u00fapravy. Jednoduch\u00e1 regul\u00e1cia z\u00e1vesu pomocou oto\u010dnej matice.<\/p>\n","protected":false},"excerpt":{"rendered":"<p>Materi\u00e1l: Oce\u013e, Povrchov\u00e1 \u00faprava: Zinok, Hmotnos\u0165 br\u00e1ny Gmax\/Goptimal (kg): 60, M: M16x130, B: 54-167<\/p>\n","protected":false},"featured_media":0,"comment_status":"closed","ping_status":"open","template":"","meta":[],"product_brand":[],"product_cat":[15],"product_tag":[],"class_list":{"0":"post-9028","1":"product","2":"type-product","3":"status-publish","5":"product_cat-uncategorized","7":"first","8":"onbackorder","9":"sale","10":"purchasable","11":"product-type-simple"},"_links":{"self":[{"href":"https:\/\/aramiso-test.verteco.app\/index.php?rest_route=\/wp\/v2\/product\/9028","targetHints":{"allow":["GET"]}}],"collection":[{"href":"https:\/\/aramiso-test.verteco.app\/index.php?rest_route=\/wp\/v2\/product"}],"about":[{"href":"https:\/\/aramiso-test.verteco.app\/index.php?rest_route=\/wp\/v2\/types\/product"}],"replies":[{"embeddable":true,"href":"https:\/\/aramiso-test.verteco.app\/index.php?rest_route=%2Fwp%2Fv2%2Fcomments&post=9028"}],"wp:attachment":[{"href":"https:\/\/aramiso-test.verteco.app\/index.php?rest_route=%2Fwp%2Fv2%2Fmedia&parent=9028"}],"wp:term":[{"taxonomy":"product_brand","embeddable":true,"href":"https:\/\/aramiso-test.verteco.app\/index.php?rest_route=%2Fwp%2Fv2%2Fproduct_brand&post=9028"},{"taxonomy":"product_cat","embeddable":true,"href":"https:\/\/aramiso-test.verteco.app\/index.php?rest_route=%2Fwp%2Fv2%2Fproduct_cat&post=9028"},{"taxonomy":"product_tag","embeddable":true,"href":"https:\/\/aramiso-test.verteco.app\/index.php?rest_route=%2Fwp%2Fv2%2Fproduct_tag&post=9028"}],"curies":[{"name":"wp","href":"https:\/\/api.w.org\/{rel}","templated":true}]}}