{"id":9022,"date":"2025-10-26T12:16:46","date_gmt":"2025-10-26T12:16:46","guid":{"rendered":"https:\/\/aramiso-test.verteco.app\/?product=zaves-nastavitelny-dlhy-inox-m16"},"modified":"2025-10-26T12:16:50","modified_gmt":"2025-10-26T12:16:50","slug":"zaves-nastavitelny-dlhy-inox-m16","status":"publish","type":"product","link":"https:\/\/aramiso-test.verteco.app\/?product=zaves-nastavitelny-dlhy-inox-m16","title":{"rendered":"Z\u00e1ves nastavite\u013en\u00fd dlh\u00fd INOX, M16"},"content":{"rendered":"<p>Nastavite\u013en\u00fd z\u00e1ves dlh\u00fd, z\u00e1vit M16, nerezov\u00fd. Jednoduch\u00e1 regul\u00e1cia z\u00e1vesu pomocou oto\u010dnej matice.<\/p>\n","protected":false},"excerpt":{"rendered":"<p>Materi\u00e1l: Nerez AISI 304, Povrchov\u00e1 \u00faprava: Natural, Hmotnos\u0165 br\u00e1ny Gmax\/Goptimal (kg): 60, M: 16, B: 54-167, s: 40, v: 30<\/p>\n","protected":false},"featured_media":0,"comment_status":"closed","ping_status":"open","template":"","meta":[],"product_brand":[],"product_cat":[15],"product_tag":[],"class_list":{"0":"post-9022","1":"product","2":"type-product","3":"status-publish","5":"product_cat-uncategorized","7":"first","8":"instock","9":"sale","10":"purchasable","11":"product-type-simple"},"_links":{"self":[{"href":"https:\/\/aramiso-test.verteco.app\/index.php?rest_route=\/wp\/v2\/product\/9022","targetHints":{"allow":["GET"]}}],"collection":[{"href":"https:\/\/aramiso-test.verteco.app\/index.php?rest_route=\/wp\/v2\/product"}],"about":[{"href":"https:\/\/aramiso-test.verteco.app\/index.php?rest_route=\/wp\/v2\/types\/product"}],"replies":[{"embeddable":true,"href":"https:\/\/aramiso-test.verteco.app\/index.php?rest_route=%2Fwp%2Fv2%2Fcomments&post=9022"}],"wp:attachment":[{"href":"https:\/\/aramiso-test.verteco.app\/index.php?rest_route=%2Fwp%2Fv2%2Fmedia&parent=9022"}],"wp:term":[{"taxonomy":"product_brand","embeddable":true,"href":"https:\/\/aramiso-test.verteco.app\/index.php?rest_route=%2Fwp%2Fv2%2Fproduct_brand&post=9022"},{"taxonomy":"product_cat","embeddable":true,"href":"https:\/\/aramiso-test.verteco.app\/index.php?rest_route=%2Fwp%2Fv2%2Fproduct_cat&post=9022"},{"taxonomy":"product_tag","embeddable":true,"href":"https:\/\/aramiso-test.verteco.app\/index.php?rest_route=%2Fwp%2Fv2%2Fproduct_tag&post=9022"}],"curies":[{"name":"wp","href":"https:\/\/api.w.org\/{rel}","templated":true}]}}