{"id":9018,"date":"2025-10-26T12:16:46","date_gmt":"2025-10-26T12:16:46","guid":{"rendered":"https:\/\/aramiso-test.verteco.app\/?product=skladaci-mechanizmus-pre-kridlove-brany-lavy"},"modified":"2025-10-26T12:16:49","modified_gmt":"2025-10-26T12:16:49","slug":"skladaci-mechanizmus-pre-kridlove-brany-lavy","status":"publish","type":"product","link":"https:\/\/aramiso-test.verteco.app\/?product=skladaci-mechanizmus-pre-kridlove-brany-lavy","title":{"rendered":"Skladac\u00ed mechanizmus pre kr\u00eddlov\u00e9 br\u00e1ny &#8211; lav\u00fd"},"content":{"rendered":"<p>Kompletn\u00e1 zostava mechanizmu pre kr\u00eddlov\u00e9 br\u00e1ny. Tento syst\u00e9m, pri spr\u00e1vnej mont\u00e1\u017ei, zabezpe\u010d\u00ed sklopenie kr\u00eddla br\u00e1ny, \u010d\u00edm sa zmen\u0161\u00ed d\u013a\u017eka kr\u00eddla pri otvoren\u00ed. Vhodn\u00e9 pre kr\u00eddlov\u00e9 br\u00e1ny s obmedzen\u00fdm priestorom pri otvoren\u00ed, alebo pri ve\u013ekom st\u00fapan\u00ed ter\u00e9nu. Kon\u0161trukciu r\u00e1mu br\u00e1ny je potrebn\u00e9 prisp\u00f4sobi\u0165 pod\u013ea in\u0161trukci\u00ed. Zostava obsahuje diely pre jedno kr\u00eddlo &#8211; \u013eav\u00e9. Pri dvojkr\u00eddlovej br\u00e1ne je potrebn\u00e9 zak\u00fapi\u0165 \u013eav\u00fd + prav\u00fd kus. Mechanizmus je vhodn\u00fd pre celkov\u00fa d\u013a\u017eku kr\u00eddla od 2m do 3m.<\/p>\n","protected":false},"excerpt":{"rendered":"<p>Materi\u00e1l: Oce\u013e, Povrchov\u00e1 \u00faprava: Zinok, B: 40<\/p>\n","protected":false},"featured_media":0,"comment_status":"closed","ping_status":"open","template":"","meta":[],"product_brand":[],"product_cat":[15],"product_tag":[],"class_list":{"0":"post-9018","1":"product","2":"type-product","3":"status-publish","5":"product_cat-uncategorized","7":"first","8":"onbackorder","9":"sale","10":"purchasable","11":"product-type-simple"},"_links":{"self":[{"href":"https:\/\/aramiso-test.verteco.app\/index.php?rest_route=\/wp\/v2\/product\/9018","targetHints":{"allow":["GET"]}}],"collection":[{"href":"https:\/\/aramiso-test.verteco.app\/index.php?rest_route=\/wp\/v2\/product"}],"about":[{"href":"https:\/\/aramiso-test.verteco.app\/index.php?rest_route=\/wp\/v2\/types\/product"}],"replies":[{"embeddable":true,"href":"https:\/\/aramiso-test.verteco.app\/index.php?rest_route=%2Fwp%2Fv2%2Fcomments&post=9018"}],"wp:attachment":[{"href":"https:\/\/aramiso-test.verteco.app\/index.php?rest_route=%2Fwp%2Fv2%2Fmedia&parent=9018"}],"wp:term":[{"taxonomy":"product_brand","embeddable":true,"href":"https:\/\/aramiso-test.verteco.app\/index.php?rest_route=%2Fwp%2Fv2%2Fproduct_brand&post=9018"},{"taxonomy":"product_cat","embeddable":true,"href":"https:\/\/aramiso-test.verteco.app\/index.php?rest_route=%2Fwp%2Fv2%2Fproduct_cat&post=9018"},{"taxonomy":"product_tag","embeddable":true,"href":"https:\/\/aramiso-test.verteco.app\/index.php?rest_route=%2Fwp%2Fv2%2Fproduct_tag&post=9018"}],"curies":[{"name":"wp","href":"https:\/\/api.w.org\/{rel}","templated":true}]}}