{"id":9000,"date":"2025-08-03T11:46:43","date_gmt":"2025-08-03T11:46:43","guid":{"rendered":"https:\/\/aramiso-test.verteco.app\/?product=inox-zaves-nastav-s-navaritelnou-maticou-m12"},"modified":"2025-08-03T11:46:47","modified_gmt":"2025-08-03T11:46:47","slug":"inox-zaves-nastav-s-navaritelnou-maticou-m12","status":"publish","type":"product","link":"https:\/\/aramiso-test.verteco.app\/?product=inox-zaves-nastav-s-navaritelnou-maticou-m12","title":{"rendered":"INOX z\u00e1ves nastav. s navarite\u013enou maticou M12"},"content":{"rendered":"<p>Nerezov\u00fd nastavite\u013en\u00fd z\u00e1ves s navarite\u013enou maticou, z\u00e1vit M12. Regul\u00e1cia mo\u017en\u00e1 po zosaden\u00ed br\u00e1ny.<\/p>\n","protected":false},"excerpt":{"rendered":"<p>Materi\u00e1l: Nerez AISI 304, Povrchov\u00e1 \u00faprava: Natural, Hmotnos\u0165 br\u00e1ny Gmax\/Goptimal (kg): 40, D: 22, d: 18, e: 24, M: 12, s: 16, B: 35-60<\/p>\n","protected":false},"featured_media":0,"comment_status":"closed","ping_status":"open","template":"","meta":[],"product_brand":[],"product_cat":[15],"product_tag":[],"class_list":{"0":"post-9000","1":"product","2":"type-product","3":"status-publish","5":"product_cat-uncategorized","7":"first","8":"onbackorder","9":"sale","10":"purchasable","11":"product-type-simple"},"_links":{"self":[{"href":"https:\/\/aramiso-test.verteco.app\/index.php?rest_route=\/wp\/v2\/product\/9000","targetHints":{"allow":["GET"]}}],"collection":[{"href":"https:\/\/aramiso-test.verteco.app\/index.php?rest_route=\/wp\/v2\/product"}],"about":[{"href":"https:\/\/aramiso-test.verteco.app\/index.php?rest_route=\/wp\/v2\/types\/product"}],"replies":[{"embeddable":true,"href":"https:\/\/aramiso-test.verteco.app\/index.php?rest_route=%2Fwp%2Fv2%2Fcomments&post=9000"}],"wp:attachment":[{"href":"https:\/\/aramiso-test.verteco.app\/index.php?rest_route=%2Fwp%2Fv2%2Fmedia&parent=9000"}],"wp:term":[{"taxonomy":"product_brand","embeddable":true,"href":"https:\/\/aramiso-test.verteco.app\/index.php?rest_route=%2Fwp%2Fv2%2Fproduct_brand&post=9000"},{"taxonomy":"product_cat","embeddable":true,"href":"https:\/\/aramiso-test.verteco.app\/index.php?rest_route=%2Fwp%2Fv2%2Fproduct_cat&post=9000"},{"taxonomy":"product_tag","embeddable":true,"href":"https:\/\/aramiso-test.verteco.app\/index.php?rest_route=%2Fwp%2Fv2%2Fproduct_tag&post=9000"}],"curies":[{"name":"wp","href":"https:\/\/api.w.org\/{rel}","templated":true}]}}