{"id":8971,"date":"2025-08-03T11:46:16","date_gmt":"2025-08-03T11:46:16","guid":{"rendered":"https:\/\/aramiso-test.verteco.app\/?product=zaves-nastavitelny-s-kotviacou-prirubou"},"modified":"2025-08-03T11:46:27","modified_gmt":"2025-08-03T11:46:27","slug":"zaves-nastavitelny-s-kotviacou-prirubou","status":"publish","type":"product","link":"https:\/\/aramiso-test.verteco.app\/?product=zaves-nastavitelny-s-kotviacou-prirubou","title":{"rendered":"Z\u00e1ves nastavite\u013en\u00fd s kotviacou pr\u00edrubou"},"content":{"rendered":"<p>Nastavite\u013en\u00fd pozinkovan\u00fd z\u00e1ves s kotviacou pr\u00edrubou. \u010casti na privarenie bez povrchovej \u00fapravy. Jednoduch\u00e1 regul\u00e1cia z\u00e1vesu pomocou oto\u010dnej matice. Z\u00e1ves dod\u00e1van\u00fd s kontramaticou.<\/p>\n","protected":false},"excerpt":{"rendered":"<p>Materi\u00e1l: Oce\u013e, Povrchov\u00e1 \u00faprava: Zinok, Hmotnos\u0165 br\u00e1ny Gmax\/Goptimal (kg): 100, e: 43, h1: 100, h2: 100, M: 20, s: 30, a: 74, B: 69-90, b: 74<\/p>\n","protected":false},"featured_media":0,"comment_status":"closed","ping_status":"open","template":"","meta":[],"product_brand":[],"product_cat":[15],"product_tag":[],"class_list":{"0":"post-8971","1":"product","2":"type-product","3":"status-publish","5":"product_cat-uncategorized","7":"first","8":"onbackorder","9":"sale","10":"purchasable","11":"product-type-simple"},"_links":{"self":[{"href":"https:\/\/aramiso-test.verteco.app\/index.php?rest_route=\/wp\/v2\/product\/8971","targetHints":{"allow":["GET"]}}],"collection":[{"href":"https:\/\/aramiso-test.verteco.app\/index.php?rest_route=\/wp\/v2\/product"}],"about":[{"href":"https:\/\/aramiso-test.verteco.app\/index.php?rest_route=\/wp\/v2\/types\/product"}],"replies":[{"embeddable":true,"href":"https:\/\/aramiso-test.verteco.app\/index.php?rest_route=%2Fwp%2Fv2%2Fcomments&post=8971"}],"wp:attachment":[{"href":"https:\/\/aramiso-test.verteco.app\/index.php?rest_route=%2Fwp%2Fv2%2Fmedia&parent=8971"}],"wp:term":[{"taxonomy":"product_brand","embeddable":true,"href":"https:\/\/aramiso-test.verteco.app\/index.php?rest_route=%2Fwp%2Fv2%2Fproduct_brand&post=8971"},{"taxonomy":"product_cat","embeddable":true,"href":"https:\/\/aramiso-test.verteco.app\/index.php?rest_route=%2Fwp%2Fv2%2Fproduct_cat&post=8971"},{"taxonomy":"product_tag","embeddable":true,"href":"https:\/\/aramiso-test.verteco.app\/index.php?rest_route=%2Fwp%2Fv2%2Fproduct_tag&post=8971"}],"curies":[{"name":"wp","href":"https:\/\/api.w.org\/{rel}","templated":true}]}}