{"id":8970,"date":"2025-08-03T11:46:16","date_gmt":"2025-08-03T11:46:16","guid":{"rendered":"https:\/\/aramiso-test.verteco.app\/?product=inox-zaves-nastav-s-kotviacou-prirubou-m20-100x1"},"modified":"2025-08-03T11:46:26","modified_gmt":"2025-08-03T11:46:26","slug":"inox-zaves-nastav-s-kotviacou-prirubou-m20-100x1","status":"publish","type":"product","link":"https:\/\/aramiso-test.verteco.app\/?product=inox-zaves-nastav-s-kotviacou-prirubou-m20-100x1","title":{"rendered":"INOX z\u00e1ves nastav. s kotviacou pr\u00edrubou M20, 100&#215;1"},"content":{"rendered":"<p>Nerezov\u00fd nastavite\u013en\u00fd z\u00e1ves s kotviacou pr\u00edrubou 100x100mm, z\u00e1vit M20. Jednoduch\u00e1 regul\u00e1cia z\u00e1vesu pomocou oto\u010dnej matice. Z\u00e1ves dod\u00e1van\u00fd s kontramaticou.<\/p>\n","protected":false},"excerpt":{"rendered":"<p>Materi\u00e1l: Nerez AISI 304, Povrchov\u00e1 \u00faprava: Natural, Hmotnos\u0165 br\u00e1ny Gmax\/Goptimal (kg): 100, e: 35, h1: 100, h2: 100, M: 20, s: 30, a: 74, B: 69-90, b: 74<\/p>\n","protected":false},"featured_media":0,"comment_status":"closed","ping_status":"open","template":"","meta":[],"product_brand":[],"product_cat":[15],"product_tag":[],"class_list":{"0":"post-8970","1":"product","2":"type-product","3":"status-publish","5":"product_cat-uncategorized","7":"first","8":"onbackorder","9":"sale","10":"purchasable","11":"product-type-simple"},"_links":{"self":[{"href":"https:\/\/aramiso-test.verteco.app\/index.php?rest_route=\/wp\/v2\/product\/8970","targetHints":{"allow":["GET"]}}],"collection":[{"href":"https:\/\/aramiso-test.verteco.app\/index.php?rest_route=\/wp\/v2\/product"}],"about":[{"href":"https:\/\/aramiso-test.verteco.app\/index.php?rest_route=\/wp\/v2\/types\/product"}],"replies":[{"embeddable":true,"href":"https:\/\/aramiso-test.verteco.app\/index.php?rest_route=%2Fwp%2Fv2%2Fcomments&post=8970"}],"wp:attachment":[{"href":"https:\/\/aramiso-test.verteco.app\/index.php?rest_route=%2Fwp%2Fv2%2Fmedia&parent=8970"}],"wp:term":[{"taxonomy":"product_brand","embeddable":true,"href":"https:\/\/aramiso-test.verteco.app\/index.php?rest_route=%2Fwp%2Fv2%2Fproduct_brand&post=8970"},{"taxonomy":"product_cat","embeddable":true,"href":"https:\/\/aramiso-test.verteco.app\/index.php?rest_route=%2Fwp%2Fv2%2Fproduct_cat&post=8970"},{"taxonomy":"product_tag","embeddable":true,"href":"https:\/\/aramiso-test.verteco.app\/index.php?rest_route=%2Fwp%2Fv2%2Fproduct_tag&post=8970"}],"curies":[{"name":"wp","href":"https:\/\/api.w.org\/{rel}","templated":true}]}}