{"id":8940,"date":"2025-10-26T12:16:28","date_gmt":"2025-10-26T12:16:28","guid":{"rendered":"https:\/\/aramiso-test.verteco.app\/?product=profil-vodiaci-zavesny-inox-42x54x25mm-l6m"},"modified":"2025-10-26T12:16:29","modified_gmt":"2025-10-26T12:16:29","slug":"profil-vodiaci-zavesny-inox-42x54x25mm-l6m","status":"publish","type":"product","link":"https:\/\/aramiso-test.verteco.app\/?product=profil-vodiaci-zavesny-inox-42x54x25mm-l6m","title":{"rendered":"Profil vodiaci z\u00e1vesn\u00fd INOX, 42x54x2,5mm, L6m"},"content":{"rendered":"","protected":false},"excerpt":{"rendered":"<p>Materi\u00e1l: Nerez AISI 304, Povrchov\u00e1 \u00faprava: Natural, Zna\u010dka: Umakov, Rozmerov\u00e1 rada (mm): 42&#215;54, L: 6000, Hmotnos\u0165 kr\u00eddla (odpor\u00fa\u010dan\u00e1): 300kg, a: 42, b: 54, s: 10, t: 2,5<\/p>\n","protected":false},"featured_media":0,"comment_status":"closed","ping_status":"open","template":"","meta":[],"product_brand":[],"product_cat":[15],"product_tag":[],"class_list":{"0":"post-8940","1":"product","2":"type-product","3":"status-publish","5":"product_cat-uncategorized","7":"first","8":"instock","9":"sale","10":"purchasable","11":"product-type-simple"},"_links":{"self":[{"href":"https:\/\/aramiso-test.verteco.app\/index.php?rest_route=\/wp\/v2\/product\/8940","targetHints":{"allow":["GET"]}}],"collection":[{"href":"https:\/\/aramiso-test.verteco.app\/index.php?rest_route=\/wp\/v2\/product"}],"about":[{"href":"https:\/\/aramiso-test.verteco.app\/index.php?rest_route=\/wp\/v2\/types\/product"}],"replies":[{"embeddable":true,"href":"https:\/\/aramiso-test.verteco.app\/index.php?rest_route=%2Fwp%2Fv2%2Fcomments&post=8940"}],"wp:attachment":[{"href":"https:\/\/aramiso-test.verteco.app\/index.php?rest_route=%2Fwp%2Fv2%2Fmedia&parent=8940"}],"wp:term":[{"taxonomy":"product_brand","embeddable":true,"href":"https:\/\/aramiso-test.verteco.app\/index.php?rest_route=%2Fwp%2Fv2%2Fproduct_brand&post=8940"},{"taxonomy":"product_cat","embeddable":true,"href":"https:\/\/aramiso-test.verteco.app\/index.php?rest_route=%2Fwp%2Fv2%2Fproduct_cat&post=8940"},{"taxonomy":"product_tag","embeddable":true,"href":"https:\/\/aramiso-test.verteco.app\/index.php?rest_route=%2Fwp%2Fv2%2Fproduct_tag&post=8940"}],"curies":[{"name":"wp","href":"https:\/\/api.w.org\/{rel}","templated":true}]}}